{"id":251554,"date":"2023-04-14T00:20:02","date_gmt":"2023-04-13T22:20:02","guid":{"rendered":"https:\/\/www.lpdo.it\/?page_id=251554"},"modified":"2026-05-05T17:34:07","modified_gmt":"2026-05-05T15:34:07","slug":"spese-e-spedizioni","status":"publish","type":"page","link":"https:\/\/www.lpdo.it\/fr\/spese-e-spedizioni\/","title":{"rendered":"D\u00e9penses et frais d'exp\u00e9dition"},"content":{"rendered":"<p><strong>VOICI QUAND ET COMMENT NOUS EXP\u00c9DIERONS VOTRE COMMANDE \u00c0 L'LPDO<\/strong><\/p>\n\n\n\n<p>Vous trouverez ici toutes les informations concernant les d\u00e9lais de fabrication, les d\u00e9lais de livraison et les tarifs d'exp\u00e9dition.<\/p>\n\n\n\n<p><strong>D\u00c9LAI D'EX\u00c9CUTION<\/strong><\/p>\n\n\n\n<p>Les commandes re\u00e7ues du lundi au vendredi, hors jours f\u00e9ri\u00e9s et sous r\u00e9serve de disponibilit\u00e9 des produits, sont trait\u00e9es le jour ouvrable suivant.<\/p>\n\n\n\n<p>Les commandes re\u00e7ues le samedi et\/ou le dimanche sont trait\u00e9es le lundi suivant.<\/p>\n\n\n\n<p>A spedizione avvenuta, ti invieremo una e-mail automatica di avviso con il relativo numero di tracking ed il link per monitorare la spedizione.<\/p>\n\n\n\n<p><strong>D\u00c9LAIS DE LIVRAISON<\/strong><\/p>\n\n\n\n<p>ITALIE CENTRALE NORD : 24 heures<\/p>\n\n\n\n<p>ITALIE CENTRALE SUD : 24\/48 heures<\/p>\n\n\n\n<div class=\"remove\"><p>SARDINIE ET \u00ceLES MINEURES : 48\/72 heures<\/p>\n\n\n\n<p>(Sardaigne -Sicile -Venise - \u00eeles mineures et sites montagneux difficiles d'acc\u00e8s)<\/p>\n\n\n\n<p>TARIFS D'EXP\u00c9DITION (en fonction du montant de la commande) :<\/p>\n\n\n\n<p>ZONE DE LIVRAISON CONTRE REMBOURSEMENT<\/p>\n\n\n\n<p>ITALIE GRATUIT 2.99\u20ac<\/p>\n\n\n\n<p>ESTERO&nbsp; &nbsp;&nbsp;&nbsp;&nbsp;&nbsp;&nbsp;&nbsp; 6,00\u20ac&nbsp;&nbsp;&nbsp;&nbsp;&nbsp;&nbsp;&nbsp;&nbsp;&nbsp;&nbsp;&nbsp;&nbsp; &nbsp;&nbsp;&nbsp;&nbsp;&nbsp; \/\/<\/p>\n\n\n\n<p><strong>N.B. EN CAS DE RENDEZ-VOUS MANQU\u00c9 AVEC LE TRANSPORTEUR <\/strong><\/p>\n\n\n\n<p>Notre \u00e9quipe d'assistance \u00e0 la client\u00e8le vous contactera pour fixer une nouvelle date de livraison.<\/p>\n\n\n\n<p>Se non dovessi risultare disponibile per la nuova data concordata, potrai ritirare gratuitamente il tuo ordine entro 3 giorni presso la sede SDA pi\u00f9 vicina.<\/p>\n\n\n\n<p>Apr\u00e8s 3 jours, le colis retournera \u00e0 notre entrep\u00f4t et la commande sera annul\u00e9e.<\/p><\/div>","protected":false},"excerpt":{"rendered":"<p>ECCO QUANDO E COME SPEDIREMO IL TUO ORDINE SU LPDO Qui trovi tutte le info riguardo tempi d&#8217;evasione, tempi di<\/p>","protected":false},"author":1,"featured_media":0,"parent":0,"menu_order":0,"comment_status":"closed","ping_status":"closed","template":"","meta":{"footnotes":""},"class_list":["post-251554","page","type-page","status-publish","hentry"],"_links":{"self":[{"href":"https:\/\/www.lpdo.it\/fr\/wp-json\/wp\/v2\/pages\/251554","targetHints":{"allow":["GET"]}}],"collection":[{"href":"https:\/\/www.lpdo.it\/fr\/wp-json\/wp\/v2\/pages"}],"about":[{"href":"https:\/\/www.lpdo.it\/fr\/wp-json\/wp\/v2\/types\/page"}],"author":[{"embeddable":true,"href":"https:\/\/www.lpdo.it\/fr\/wp-json\/wp\/v2\/users\/1"}],"replies":[{"embeddable":true,"href":"https:\/\/www.lpdo.it\/fr\/wp-json\/wp\/v2\/comments?post=251554"}],"version-history":[{"count":6,"href":"https:\/\/www.lpdo.it\/fr\/wp-json\/wp\/v2\/pages\/251554\/revisions"}],"predecessor-version":[{"id":527982,"href":"https:\/\/www.lpdo.it\/fr\/wp-json\/wp\/v2\/pages\/251554\/revisions\/527982"}],"wp:attachment":[{"href":"https:\/\/www.lpdo.it\/fr\/wp-json\/wp\/v2\/media?parent=251554"}],"curies":[{"name":"wp","href":"https:\/\/api.w.org\/{rel}","templated":true}]}}