{"id":400604,"date":"2025-02-05T17:20:38","date_gmt":"2025-02-05T16:20:38","guid":{"rendered":"https:\/\/www.lpdo.it\/?page_id=400604"},"modified":"2025-02-10T00:36:04","modified_gmt":"2025-02-09T23:36:04","slug":"nuove-fragranze-2025","status":"publish","type":"page","link":"https:\/\/www.lpdo.it\/fr\/nuove-fragranze-2025\/","title":{"rendered":"Nuove Fragranze 2025"},"content":{"rendered":"<div class=\"woocommerce columns-5\"><div class=\"wd-products-element\">\t\t\t<div class=\"wd-sticky-loader wd-content-loader\"><span class=\"wd-loader\"><\/span><\/div>\n\t\t\n<div class=\"products wd-products wd-grid-g elements-list pagination-pagination\" data-source=\"main_loop\" data-min_price=\"\" data-max_price=\"\" data-columns=\"3\" style=\"--wd-col-lg:1;--wd-col-md:1;--wd-col-sm:1;\">\n<div class=\"wd-product product-list-item wd-col product-grid-item product type-product post-402791 status-publish instock product_cat-fragranze has-post-thumbnail shipping-taxable purchasable product-type-simple\" data-loop=\"1\" data-id=\"402791\">\n\t\n\t\n\t<div class=\"product-wrapper\">\n\t\t<div class=\"product-element-top wd-quick-shop\">\n\t\t\t<a href=\"https:\/\/www.lpdo.it\/fr\/p\/pistachio-bon-bon-100ml-edpi\/\" class=\"product-image-link prod-402791\">\n\t\t\t\t<img loading=\"lazy\" decoding=\"async\" width=\"300\" height=\"300\" src=\"https:\/\/www.lpdo.it\/wp-content\/uploads\/2025\/02\/Pistachio-Bon-Bon-AstFlacone-25-300x300.jpg\" class=\"attachment-woocommerce_thumbnail size-woocommerce_thumbnail\" alt=\"\" srcset=\"https:\/\/www.lpdo.it\/wp-content\/uploads\/2025\/02\/Pistachio-Bon-Bon-AstFlacone-25-300x300.jpg 300w, https:\/\/www.lpdo.it\/wp-content\/uploads\/2025\/02\/Pistachio-Bon-Bon-AstFlacone-25-1024x1024.jpg 1024w, https:\/\/www.lpdo.it\/wp-content\/uploads\/2025\/02\/Pistachio-Bon-Bon-AstFlacone-25-150x150.jpg 150w, https:\/\/www.lpdo.it\/wp-content\/uploads\/2025\/02\/Pistachio-Bon-Bon-AstFlacone-25-768x768.jpg 768w, https:\/\/www.lpdo.it\/wp-content\/uploads\/2025\/02\/Pistachio-Bon-Bon-AstFlacone-25-600x600.jpg 600w, https:\/\/www.lpdo.it\/wp-content\/uploads\/2025\/02\/Pistachio-Bon-Bon-AstFlacone-25.jpg 1080w\" sizes=\"auto, (max-width: 300px) 100vw, 300px\" \/>\t\t\t<\/a>\n\n\t\t\t<a href=\"https:\/\/www.lpdo.it\/fr\/p\/pistachio-bon-bon-30ml-edpi\/\" class=\"product-image-link prod-402801\"style=\"display:none\">\n\t\t\t\t\t\t\t\t\t\t<div class=\"product-labels labels-rounded\"><span class=\"onsale product-label\" style=\"border-radius: 5px!important;min-height: 10px!important;\">NOUVEAU<\/span><\/div>\n\t\t\t\t\t\t\t\t\t\t\t\t\t<img decoding=\"async\" src=\"https:\/\/www.lpdo.it\/wp-content\/uploads\/2025\/02\/30ml-Pistachio-Bon-Bon-AstFlacone-25.jpg\" data-id=\"\">\n\t\t\t<\/a>\n\n\t\t\t\n\t\t\t<div class=\"wd-buttons wd-pos-r-t\">\n\t\t\t\t\t\t\t\t\t\t\t\t\t\t\t\t\t\t\t<div class=\"wd-wishlist-btn wd-action-btn wd-style-icon wd-wishlist-icon\">\n\t\t\t\t<a class=\"\" href=\"https:\/\/www.lpdo.it\/fr\/p\/pistachio-bon-bon-100ml-edpi\/\" data-key=\"598c8ea771\" data-product-id=\"402791\" rel=\"nofollow\" data-added-text=\"Browse wishlist\">\n\t\t\t\t\t<span class=\"wd-added-icon\"><\/span>\n\t\t\t\t\t<span class=\"wd-action-text\">Add to wishlist<\/span>\n\t\t\t\t<\/a>\n\t\t\t<\/div>\n\t\t\t\t\t<\/div>\n\t\t<\/div>\n\t\t<div class=\"product-list-content wd-scroll\">\n\t\t\t<h3 class=\"wd-entities-title\" data-no-translation=\"\" data-no-auto-translation=\"\">\n\t\t\t\t\t\t<a href=\"https:\/\/www.lpdo.it\/fr\/p\/pistachio-bon-bon-100ml-edpi\/\" class=\"prod-402791\">pistachio bon bon<br><span class=\"edpi\">EAU DE PARFUM INTENSE<\/span><\/a>\n\t\t\t\t\t\t<a href=\"https:\/\/www.lpdo.it\/fr\/p\/pistachio-bon-bon-30ml-edpi\/\" class=\"prod-402801\"style=\"display:none\">pistachio bon bon<br><span class=\"edpi\">EAU DE PARFUM INTENSE<\/span><\/a>\n\t\t\t\t\t<\/h3>\t\t\t\t\t\t\t\t\t\t\t\t<p class=\"wd-product-stock stock wd-style-default in-stock prod-402791\" >Produit disponible<\/p><p class=\"wd-product-stock stock wd-style-default in-stock prod-402801\" style=\"display:none\">Produit disponible<\/p>\t\t\t\t\t\t\t\t\t<div class=\"container-2-col\">\n<div class=\"woocommerce-product-details__short-description\">\n<a href=\"https:\/\/www.lpdo.it\/fr\/p\/pistachio-bon-bon-100ml-edpi\/\">\n\t<p>Un parfum d\u00e9licieux, n\u00e9 pour ravir par son sillage irr\u00e9sistible de pistache gourmande, intense et cr\u00e9meuse.\r\nSa composition, douce et agr\u00e9able, s\u00e9duit par ses notes de t\u00eate de pistache, de bergamote, de p\u00eache, de framboise et de cardamome.\r\nSon c\u0153ur, d\u00e9licat et charmant, envo\u00fbte par ses notes de fleurs blanches, d'h\u00e9liotrope, de muguet, de violette et de g\u00e9ranium.\r\nSon fond, frais et cr\u00e9meux, ravit\u00e9e par ses notes de cr\u00e8me fouett\u00e9e, de vanille, de caramel, de f\u00e8ve de tonka et de bois de santal.<\/p><\/a>\n<\/div>\n\n    <div style=\"min-width:280px;padding-left:20px\">\n    <div class=\"price-table-100ml prod-402791\">\n        <span style=\"font-size:16px;line-height:26px\">PRIX : <\/span> <span class=\"woocommerce-Price-amount amount\"><bdi><span class=\"woocommerce-Price-currencySymbol\">\u20ac<\/span>30.00<\/bdi><\/span>\n    <\/div>\n    <div class=\"price-table-30ml prod-402801\" style=\"display:none\">\n        <span style=\"font-size:16px;line-height:26px\">PRIX : <\/span> <span class=\"woocommerce-Price-amount amount\"><bdi><span class=\"woocommerce-Price-currencySymbol\">\u20ac<\/span>16.00<\/bdi><\/span>\n    <\/div><span style=\"font-size:16px;line-height:26px\">EXP\u00c9DITION : <\/span><span style=\"font-size:16px;font-weight:600;line-height:26px;color: #007fdb;\">GRATUIT<\/span><div>\n    <ul class=\"formato\">\n        <li class=\"selected\" data-record-ref=\"402801;402791\">\n        <img decoding=\"async\" src=\"\/wp-content\/themes\/lpdo\/images\/lpdo-icon-100ml.png\" style=\"vertical-align:middle\" width=\"40px\"> 100 ml<br>\n        <span class=\"woocommerce-Price-amount amount\"><bdi><span class=\"woocommerce-Price-currencySymbol\">\u20ac<\/span>30.00<\/bdi><\/span>\n        <\/li>\n        <li class=\"\" data-record-ref=\"402791;402801\">\n        <img decoding=\"async\" src=\"\/wp-content\/themes\/lpdo\/images\/lpdo-icon-30ml.png\" style=\"vertical-align:middle\" width=\"40px\">30 ml<br>\n        <span class=\"woocommerce-Price-amount amount\"><bdi><span class=\"woocommerce-Price-currencySymbol\">\u20ac<\/span>16.00<\/bdi><\/span>\n        <\/li>                 \n    <\/ul>\n    <\/div>\n\n    <div class=\"wd-add-btn wd-add-btn-replace prod-402791 sliderBtn\" >\n    <a href=\"?add-to-cart=402791\" data-quantity=\"1\" class=\"button wp-element-button product_type_simple add_to_cart_button ajax_add_to_cart add-to-cart-loop\" data-product_id=\"402791\" data-product_sku=\"5370\" aria-label=\"Ajouter au panier\" rel=\"nofollow\"><span>AJOUTER AU PANIER<\/span><\/a>\n    <\/div>\n\n    <div class=\"wd-add-btn wd-add-btn-replace prod-402801 sliderBtn\" style=\"display:none\">\n    <a href=\"?add-to-cart=402801\" data-quantity=\"1\" class=\"button wp-element-button product_type_simple add_to_cart_button ajax_add_to_cart add-to-cart-loop\" data-product_id=\"402801\" data-product_sku=\"5373\" aria-label=\"Ajouter au panier\" rel=\"nofollow\"><span>AJOUTER AU PANIER<\/span><\/a>\n    <\/div><\/div><\/div>\t\t\t\n\t\t\t\n\t\t\t\n\t\t\t<!--<div class=\"wd-add-btn wd-add-btn-replace\">\n\t\t\t\t\n\t\t\t\t<a href=\"\/fr\/wp-json\/wp\/v2\/pages\/400604?add-to-cart=402791\" aria-describedby=\"woocommerce_loop_add_to_cart_link_describedby_402791\" data-quantity=\"1\" class=\"button product_type_simple add_to_cart_button ajax_add_to_cart add-to-cart-loop\" data-product_id=\"402791\" data-product_sku=\"5370\" aria-label=\"Ajouter au panier : &quot;PISTACHIO BON BON 100ML EDPI&quot;\" rel=\"nofollow\" data-success_message=\"&quot;PISTACHIO BON BON 100ML EDPI&quot; a \u00e9t\u00e9 ajout\u00e9 \u00e0 votre panier\" role=\"button\"><span>Ajouter au panier<\/span><\/a>\t<span id=\"woocommerce_loop_add_to_cart_link_describedby_402791\" class=\"screen-reader-text\">\n\t\t\t<\/span>\n\t\t\t<\/div>-->\n\n\t\t\t<span class=\"gtm4wp_productdata\" style=\"display:none; visibility:hidden;\" data-gtm4wp_product_data=\"{&quot;internal_id&quot;:402791,&quot;item_id&quot;:402791,&quot;item_name&quot;:&quot;PISTACHIO BON BON 100ML EDPI&quot;,&quot;sku&quot;:&quot;5370&quot;,&quot;price&quot;:30,&quot;stocklevel&quot;:null,&quot;stockstatus&quot;:&quot;instock&quot;,&quot;google_business_vertical&quot;:&quot;retail&quot;,&quot;item_category&quot;:&quot;Fragranze&quot;,&quot;id&quot;:402791,&quot;productlink&quot;:&quot;https:\\\/\\\/www.lpdo.it\\\/fr\\\/p\\\/pistachio-bon-bon-100ml-edpi\\\/&quot;,&quot;item_list_name&quot;:&quot;Liste g\\u00e9n\\u00e9rale des produits&quot;,&quot;index&quot;:2,&quot;product_type&quot;:&quot;simple&quot;,&quot;item_brand&quot;:&quot;&quot;}\"><\/span>\t\t<\/div>\n\t<\/div>\n<\/div>\n<div class=\"wd-product product-list-item wd-col product-grid-item product type-product post-402799 status-publish instock product_cat-fragranze has-post-thumbnail shipping-taxable purchasable product-type-simple\" data-loop=\"2\" data-id=\"402799\">\n\t\n\t\n\t<div class=\"product-wrapper\">\n\t\t<div class=\"product-element-top wd-quick-shop\">\n\t\t\t<a href=\"https:\/\/www.lpdo.it\/fr\/p\/secret-tonka-100ml-edpi\/\" class=\"product-image-link prod-402799\">\n\t\t\t\t<img loading=\"lazy\" decoding=\"async\" width=\"300\" height=\"300\" src=\"https:\/\/www.lpdo.it\/wp-content\/uploads\/2025\/02\/Secret-Tonka-AstFlacone-25-300x300.jpg\" class=\"attachment-woocommerce_thumbnail size-woocommerce_thumbnail\" alt=\"\" srcset=\"https:\/\/www.lpdo.it\/wp-content\/uploads\/2025\/02\/Secret-Tonka-AstFlacone-25-300x300.jpg 300w, https:\/\/www.lpdo.it\/wp-content\/uploads\/2025\/02\/Secret-Tonka-AstFlacone-25-1024x1024.jpg 1024w, https:\/\/www.lpdo.it\/wp-content\/uploads\/2025\/02\/Secret-Tonka-AstFlacone-25-150x150.jpg 150w, https:\/\/www.lpdo.it\/wp-content\/uploads\/2025\/02\/Secret-Tonka-AstFlacone-25-768x768.jpg 768w, https:\/\/www.lpdo.it\/wp-content\/uploads\/2025\/02\/Secret-Tonka-AstFlacone-25-600x600.jpg 600w, https:\/\/www.lpdo.it\/wp-content\/uploads\/2025\/02\/Secret-Tonka-AstFlacone-25.jpg 1080w\" sizes=\"auto, (max-width: 300px) 100vw, 300px\" \/>\t\t\t<\/a>\n\n\t\t\t<a href=\"https:\/\/www.lpdo.it\/fr\/p\/secret-tonka-30ml-edpi\/\" class=\"product-image-link prod-402802\"style=\"display:none\">\n\t\t\t\t\t\t\t\t\t\t<div class=\"product-labels labels-rounded\"><span class=\"onsale product-label\" style=\"border-radius: 5px!important;min-height: 10px!important;\">NOUVEAU<\/span><\/div>\n\t\t\t\t\t\t\t\t\t\t\t\t\t<img decoding=\"async\" src=\"https:\/\/www.lpdo.it\/wp-content\/uploads\/2025\/02\/30ml-Secret-Tonka-AstFlacone-25.jpg\" data-id=\"\">\n\t\t\t<\/a>\n\n\t\t\t\n\t\t\t<div class=\"wd-buttons wd-pos-r-t\">\n\t\t\t\t\t\t\t\t\t\t\t\t\t\t\t\t\t\t\t<div class=\"wd-wishlist-btn wd-action-btn wd-style-icon wd-wishlist-icon\">\n\t\t\t\t<a class=\"\" href=\"https:\/\/www.lpdo.it\/fr\/p\/secret-tonka-100ml-edpi\/\" data-key=\"598c8ea771\" data-product-id=\"402799\" rel=\"nofollow\" data-added-text=\"Browse wishlist\">\n\t\t\t\t\t<span class=\"wd-added-icon\"><\/span>\n\t\t\t\t\t<span class=\"wd-action-text\">Add to wishlist<\/span>\n\t\t\t\t<\/a>\n\t\t\t<\/div>\n\t\t\t\t\t<\/div>\n\t\t<\/div>\n\t\t<div class=\"product-list-content wd-scroll\">\n\t\t\t<h3 class=\"wd-entities-title\" data-no-translation=\"\" data-no-auto-translation=\"\">\n\t\t\t\t\t\t<a href=\"https:\/\/www.lpdo.it\/fr\/p\/secret-tonka-100ml-edpi\/\" class=\"prod-402799\">secret tonka<br><span class=\"edpi\">EAU DE PARFUM INTENSE<\/span><\/a>\n\t\t\t\t\t\t<a href=\"https:\/\/www.lpdo.it\/fr\/p\/secret-tonka-30ml-edpi\/\" class=\"prod-402802\"style=\"display:none\">secret tonka<br><span class=\"edpi\">EAU DE PARFUM INTENSE<\/span><\/a>\n\t\t\t\t\t<\/h3>\t\t\t\t\t\t\t\t\t\t\t\t<p class=\"wd-product-stock stock wd-style-default in-stock prod-402799\" >Produit disponible<\/p><p class=\"wd-product-stock stock wd-style-default in-stock prod-402802\" style=\"display:none\">Produit disponible<\/p>\t\t\t\t\t\t\t\t\t<div class=\"container-2-col\">\n<div class=\"woocommerce-product-details__short-description\">\n<a href=\"https:\/\/www.lpdo.it\/fr\/p\/secret-tonka-100ml-edpi\/\">\n\t<p>Un parfum audacieux et pr\u00e9cieux, n\u00e9 pour attirer par son aura luxueuse et myst\u00e9rieuse.\r\nSa composition, forte et entreprenante, impressionne par ses notes de t\u00eate de safran et de bergamote.\r\nSon c\u0153ur, audacieux et \u00e9l\u00e9gant, submerge par ses notes de oud et de rose.\r\nSon fond, surprenant et doux, enveloppe de ses notes de sucre de canne, de f\u00e8ve de tonka, d'ambre gris, de musc blanc et de mousse de ch\u00eane.<\/p><\/a>\n<\/div>\n\n    <div style=\"min-width:280px;padding-left:20px\">\n    <div class=\"price-table-100ml prod-402799\">\n        <span style=\"font-size:16px;line-height:26px\">PRIX : <\/span> <span class=\"woocommerce-Price-amount amount\"><bdi><span class=\"woocommerce-Price-currencySymbol\">\u20ac<\/span>30.00<\/bdi><\/span>\n    <\/div>\n    <div class=\"price-table-30ml prod-402802\" style=\"display:none\">\n        <span style=\"font-size:16px;line-height:26px\">PRIX : <\/span> <span class=\"woocommerce-Price-amount amount\"><bdi><span class=\"woocommerce-Price-currencySymbol\">\u20ac<\/span>16.00<\/bdi><\/span>\n    <\/div><span style=\"font-size:16px;line-height:26px\">EXP\u00c9DITION : <\/span><span style=\"font-size:16px;font-weight:600;line-height:26px;color: #007fdb;\">GRATUIT<\/span><div>\n    <ul class=\"formato\">\n        <li class=\"selected\" data-record-ref=\"402802;402799\">\n        <img decoding=\"async\" src=\"\/wp-content\/themes\/lpdo\/images\/lpdo-icon-100ml.png\" style=\"vertical-align:middle\" width=\"40px\"> 100 ml<br>\n        <span class=\"woocommerce-Price-amount amount\"><bdi><span class=\"woocommerce-Price-currencySymbol\">\u20ac<\/span>30.00<\/bdi><\/span>\n        <\/li>\n        <li class=\"\" data-record-ref=\"402799;402802\">\n        <img decoding=\"async\" src=\"\/wp-content\/themes\/lpdo\/images\/lpdo-icon-30ml.png\" style=\"vertical-align:middle\" width=\"40px\">30 ml<br>\n        <span class=\"woocommerce-Price-amount amount\"><bdi><span class=\"woocommerce-Price-currencySymbol\">\u20ac<\/span>16.00<\/bdi><\/span>\n        <\/li>                 \n    <\/ul>\n    <\/div>\n\n    <div class=\"wd-add-btn wd-add-btn-replace prod-402799 sliderBtn\" >\n    <a href=\"?add-to-cart=402799\" data-quantity=\"1\" class=\"button wp-element-button product_type_simple add_to_cart_button ajax_add_to_cart add-to-cart-loop\" data-product_id=\"402799\" data-product_sku=\"5360\" aria-label=\"Ajouter au panier\" rel=\"nofollow\"><span>AJOUTER AU PANIER<\/span><\/a>\n    <\/div>\n\n    <div class=\"wd-add-btn wd-add-btn-replace prod-402802 sliderBtn\" style=\"display:none\">\n    <a href=\"?add-to-cart=402802\" data-quantity=\"1\" class=\"button wp-element-button product_type_simple add_to_cart_button ajax_add_to_cart add-to-cart-loop\" data-product_id=\"402802\" data-product_sku=\"5363\" aria-label=\"Ajouter au panier\" rel=\"nofollow\"><span>AJOUTER AU PANIER<\/span><\/a>\n    <\/div><\/div><\/div>\t\t\t\n\t\t\t\n\t\t\t\n\t\t\t<!--<div class=\"wd-add-btn wd-add-btn-replace\">\n\t\t\t\t\n\t\t\t\t<a href=\"\/fr\/wp-json\/wp\/v2\/pages\/400604?add-to-cart=402799\" aria-describedby=\"woocommerce_loop_add_to_cart_link_describedby_402799\" data-quantity=\"1\" class=\"button product_type_simple add_to_cart_button ajax_add_to_cart add-to-cart-loop\" data-product_id=\"402799\" data-product_sku=\"5360\" aria-label=\"Ajouter au panier : &quot;SECRET TONKA 100ML EDPI&quot;\" rel=\"nofollow\" data-success_message=\"&quot;SECRET TONKA 100ML EDPI&quot; a \u00e9t\u00e9 ajout\u00e9 \u00e0 votre panier\" role=\"button\"><span>Ajouter au panier<\/span><\/a>\t<span id=\"woocommerce_loop_add_to_cart_link_describedby_402799\" class=\"screen-reader-text\">\n\t\t\t<\/span>\n\t\t\t<\/div>-->\n\n\t\t\t<span class=\"gtm4wp_productdata\" style=\"display:none; visibility:hidden;\" data-gtm4wp_product_data=\"{&quot;internal_id&quot;:402799,&quot;item_id&quot;:402799,&quot;item_name&quot;:&quot;SECRET TONKA 100ML EDPI&quot;,&quot;sku&quot;:&quot;5360&quot;,&quot;price&quot;:30,&quot;stocklevel&quot;:null,&quot;stockstatus&quot;:&quot;instock&quot;,&quot;google_business_vertical&quot;:&quot;retail&quot;,&quot;item_category&quot;:&quot;Fragranze&quot;,&quot;id&quot;:402799,&quot;productlink&quot;:&quot;https:\\\/\\\/www.lpdo.it\\\/fr\\\/p\\\/secret-tonka-100ml-edpi\\\/&quot;,&quot;item_list_name&quot;:&quot;Liste g\\u00e9n\\u00e9rale des produits&quot;,&quot;index&quot;:3,&quot;product_type&quot;:&quot;simple&quot;,&quot;item_brand&quot;:&quot;&quot;}\"><\/span>\t\t<\/div>\n\t<\/div>\n<\/div>\n<div class=\"wd-product product-list-item wd-col product-grid-item product type-product post-402800 status-publish instock product_cat-fragranze has-post-thumbnail shipping-taxable purchasable product-type-simple\" data-loop=\"3\" data-id=\"402800\">\n\t\n\t\n\t<div class=\"product-wrapper\">\n\t\t<div class=\"product-element-top wd-quick-shop\">\n\t\t\t<a href=\"https:\/\/www.lpdo.it\/fr\/p\/desert-dore-100ml-edpi\/\" class=\"product-image-link prod-402800\">\n\t\t\t\t<img loading=\"lazy\" decoding=\"async\" width=\"300\" height=\"300\" src=\"https:\/\/www.lpdo.it\/wp-content\/uploads\/2025\/02\/Desert-Dore-AstFlacone-25-300x300.jpg\" class=\"attachment-woocommerce_thumbnail size-woocommerce_thumbnail\" alt=\"\" srcset=\"https:\/\/www.lpdo.it\/wp-content\/uploads\/2025\/02\/Desert-Dore-AstFlacone-25-300x300.jpg 300w, https:\/\/www.lpdo.it\/wp-content\/uploads\/2025\/02\/Desert-Dore-AstFlacone-25-1024x1024.jpg 1024w, https:\/\/www.lpdo.it\/wp-content\/uploads\/2025\/02\/Desert-Dore-AstFlacone-25-150x150.jpg 150w, https:\/\/www.lpdo.it\/wp-content\/uploads\/2025\/02\/Desert-Dore-AstFlacone-25-768x768.jpg 768w, https:\/\/www.lpdo.it\/wp-content\/uploads\/2025\/02\/Desert-Dore-AstFlacone-25-600x600.jpg 600w, https:\/\/www.lpdo.it\/wp-content\/uploads\/2025\/02\/Desert-Dore-AstFlacone-25.jpg 1080w\" sizes=\"auto, (max-width: 300px) 100vw, 300px\" \/>\t\t\t<\/a>\n\n\t\t\t<a href=\"https:\/\/www.lpdo.it\/fr\/p\/desert-dore-30ml-edpi\/\" class=\"product-image-link prod-402803\"style=\"display:none\">\n\t\t\t\t\t\t\t\t\t\t<div class=\"product-labels labels-rounded\"><span class=\"onsale product-label\" style=\"border-radius: 5px!important;min-height: 10px!important;\">NOUVEAU<\/span><\/div>\n\t\t\t\t\t\t\t\t\t\t\t\t\t<img decoding=\"async\" src=\"https:\/\/www.lpdo.it\/wp-content\/uploads\/2025\/02\/30ml-Desert-Dore-AstFlacone-25.jpg\" data-id=\"\">\n\t\t\t<\/a>\n\n\t\t\t\n\t\t\t<div class=\"wd-buttons wd-pos-r-t\">\n\t\t\t\t\t\t\t\t\t\t\t\t\t\t\t\t\t\t\t<div class=\"wd-wishlist-btn wd-action-btn wd-style-icon wd-wishlist-icon\">\n\t\t\t\t<a class=\"\" href=\"https:\/\/www.lpdo.it\/fr\/p\/desert-dore-100ml-edpi\/\" data-key=\"598c8ea771\" data-product-id=\"402800\" rel=\"nofollow\" data-added-text=\"Browse wishlist\">\n\t\t\t\t\t<span class=\"wd-added-icon\"><\/span>\n\t\t\t\t\t<span class=\"wd-action-text\">Add to wishlist<\/span>\n\t\t\t\t<\/a>\n\t\t\t<\/div>\n\t\t\t\t\t<\/div>\n\t\t<\/div>\n\t\t<div class=\"product-list-content wd-scroll\">\n\t\t\t<h3 class=\"wd-entities-title\" data-no-translation=\"\" data-no-auto-translation=\"\">\n\t\t\t\t\t\t<a href=\"https:\/\/www.lpdo.it\/fr\/p\/desert-dore-100ml-edpi\/\" class=\"prod-402800\">desert dor\u00c9<br><span class=\"edpi\">EAU DE PARFUM INTENSE<\/span><\/a>\n\t\t\t\t\t\t<a href=\"https:\/\/www.lpdo.it\/fr\/p\/desert-dore-30ml-edpi\/\" class=\"prod-402803\"style=\"display:none\">desert dor\u00c9<br><span class=\"edpi\">EAU DE PARFUM INTENSE<\/span><\/a>\n\t\t\t\t\t<\/h3>\t\t\t\t\t\t\t\t\t\t\t\t<p class=\"wd-product-stock stock wd-style-default in-stock prod-402800\" >Produit disponible<\/p><p class=\"wd-product-stock stock wd-style-default in-stock prod-402803\" style=\"display:none\">Produit disponible<\/p>\t\t\t\t\t\t\t\t\t<div class=\"container-2-col\">\n<div class=\"woocommerce-product-details__short-description\">\n<a href=\"https:\/\/www.lpdo.it\/fr\/p\/desert-dore-100ml-edpi\/\">\n\t<p>Un parfum sensuel, n\u00e9 pour rappeler la beaut\u00e9 du soleil qui se couche et embrasse la nuit dans le d\u00e9sert le plus profond et le plus envo\u00fbtant.\r\nSa composition, fra\u00eeche et envo\u00fbtante, fascine par ses notes de t\u00eate de bergamote et de fruits rouges.\r\nSon c\u0153ur, profond et opulent, enivre de ses notes d'ambre, de jasmin et de rose.\r\nSon fond, luxueux et riche, enveloppe de ses notes de caramel, de cachemire et de musc.<\/p><\/a>\n<\/div>\n\n    <div style=\"min-width:280px;padding-left:20px\">\n    <div class=\"price-table-100ml prod-402800\">\n        <span style=\"font-size:16px;line-height:26px\">PRIX : <\/span> <span class=\"woocommerce-Price-amount amount\"><bdi><span class=\"woocommerce-Price-currencySymbol\">\u20ac<\/span>30.00<\/bdi><\/span>\n    <\/div>\n    <div class=\"price-table-30ml prod-402803\" style=\"display:none\">\n        <span style=\"font-size:16px;line-height:26px\">PRIX : <\/span> <span class=\"woocommerce-Price-amount amount\"><bdi><span class=\"woocommerce-Price-currencySymbol\">\u20ac<\/span>16.00<\/bdi><\/span>\n    <\/div><span style=\"font-size:16px;line-height:26px\">EXP\u00c9DITION : <\/span><span style=\"font-size:16px;font-weight:600;line-height:26px;color: #007fdb;\">GRATUIT<\/span><div>\n    <ul class=\"formato\">\n        <li class=\"selected\" data-record-ref=\"402803;402800\">\n        <img decoding=\"async\" src=\"\/wp-content\/themes\/lpdo\/images\/lpdo-icon-100ml.png\" style=\"vertical-align:middle\" width=\"40px\"> 100 ml<br>\n        <span class=\"woocommerce-Price-amount amount\"><bdi><span class=\"woocommerce-Price-currencySymbol\">\u20ac<\/span>30.00<\/bdi><\/span>\n        <\/li>\n        <li class=\"\" data-record-ref=\"402800;402803\">\n        <img decoding=\"async\" src=\"\/wp-content\/themes\/lpdo\/images\/lpdo-icon-30ml.png\" style=\"vertical-align:middle\" width=\"40px\">30 ml<br>\n        <span class=\"woocommerce-Price-amount amount\"><bdi><span class=\"woocommerce-Price-currencySymbol\">\u20ac<\/span>16.00<\/bdi><\/span>\n        <\/li>                 \n    <\/ul>\n    <\/div>\n\n    <div class=\"wd-add-btn wd-add-btn-replace prod-402800 sliderBtn\" >\n    <a href=\"?add-to-cart=402800\" data-quantity=\"1\" class=\"button wp-element-button product_type_simple add_to_cart_button ajax_add_to_cart add-to-cart-loop\" data-product_id=\"402800\" data-product_sku=\"5350\" aria-label=\"Ajouter au panier\" rel=\"nofollow\"><span>AJOUTER AU PANIER<\/span><\/a>\n    <\/div>\n\n    <div class=\"wd-add-btn wd-add-btn-replace prod-402803 sliderBtn\" style=\"display:none\">\n    <a href=\"?add-to-cart=402803\" data-quantity=\"1\" class=\"button wp-element-button product_type_simple add_to_cart_button ajax_add_to_cart add-to-cart-loop\" data-product_id=\"402803\" data-product_sku=\"5353\" aria-label=\"Ajouter au panier\" rel=\"nofollow\"><span>AJOUTER AU PANIER<\/span><\/a>\n    <\/div><\/div><\/div>\t\t\t\n\t\t\t\n\t\t\t\n\t\t\t<!--<div class=\"wd-add-btn wd-add-btn-replace\">\n\t\t\t\t\n\t\t\t\t<a href=\"\/fr\/wp-json\/wp\/v2\/pages\/400604?add-to-cart=402800\" aria-describedby=\"woocommerce_loop_add_to_cart_link_describedby_402800\" data-quantity=\"1\" class=\"button product_type_simple add_to_cart_button ajax_add_to_cart add-to-cart-loop\" data-product_id=\"402800\" data-product_sku=\"5350\" aria-label=\"Ajouter au panier : &quot;DESERT DOR\u00c9 100ML EDPI&quot;\" rel=\"nofollow\" data-success_message=\"&quot;DESERT DOR\u00c9 100ML EDPI&quot; a \u00e9t\u00e9 ajout\u00e9 \u00e0 votre panier\" role=\"button\"><span>Ajouter au panier<\/span><\/a>\t<span id=\"woocommerce_loop_add_to_cart_link_describedby_402800\" class=\"screen-reader-text\">\n\t\t\t<\/span>\n\t\t\t<\/div>-->\n\n\t\t\t<span class=\"gtm4wp_productdata\" style=\"display:none; visibility:hidden;\" data-gtm4wp_product_data=\"{&quot;internal_id&quot;:402800,&quot;item_id&quot;:402800,&quot;item_name&quot;:&quot;DESERT DOR\\u00c9 100ML EDPI&quot;,&quot;sku&quot;:&quot;5350&quot;,&quot;price&quot;:30,&quot;stocklevel&quot;:null,&quot;stockstatus&quot;:&quot;instock&quot;,&quot;google_business_vertical&quot;:&quot;retail&quot;,&quot;item_category&quot;:&quot;Fragranze&quot;,&quot;id&quot;:402800,&quot;productlink&quot;:&quot;https:\\\/\\\/www.lpdo.it\\\/fr\\\/p\\\/desert-dore-100ml-edpi\\\/&quot;,&quot;item_list_name&quot;:&quot;Liste g\\u00e9n\\u00e9rale des produits&quot;,&quot;index&quot;:4,&quot;product_type&quot;:&quot;simple&quot;,&quot;item_brand&quot;:&quot;&quot;}\"><\/span>\t\t<\/div>\n\t<\/div>\n<\/div>\n<\/div>\n<\/div><\/div>","protected":false},"excerpt":{"rendered":"","protected":false},"author":1,"featured_media":0,"parent":0,"menu_order":0,"comment_status":"closed","ping_status":"closed","template":"","meta":{"footnotes":""},"class_list":["post-400604","page","type-page","status-publish","hentry"],"_links":{"self":[{"href":"https:\/\/www.lpdo.it\/fr\/wp-json\/wp\/v2\/pages\/400604","targetHints":{"allow":["GET"]}}],"collection":[{"href":"https:\/\/www.lpdo.it\/fr\/wp-json\/wp\/v2\/pages"}],"about":[{"href":"https:\/\/www.lpdo.it\/fr\/wp-json\/wp\/v2\/types\/page"}],"author":[{"embeddable":true,"href":"https:\/\/www.lpdo.it\/fr\/wp-json\/wp\/v2\/users\/1"}],"replies":[{"embeddable":true,"href":"https:\/\/www.lpdo.it\/fr\/wp-json\/wp\/v2\/comments?post=400604"}],"version-history":[{"count":9,"href":"https:\/\/www.lpdo.it\/fr\/wp-json\/wp\/v2\/pages\/400604\/revisions"}],"predecessor-version":[{"id":403930,"href":"https:\/\/www.lpdo.it\/fr\/wp-json\/wp\/v2\/pages\/400604\/revisions\/403930"}],"wp:attachment":[{"href":"https:\/\/www.lpdo.it\/fr\/wp-json\/wp\/v2\/media?parent=400604"}],"curies":[{"name":"wp","href":"https:\/\/api.w.org\/{rel}","templated":true}]}}