{"id":10011,"date":"2019-03-18T23:19:55","date_gmt":"2019-03-18T22:19:55","guid":{"rendered":"https:\/\/www.lpdo.it\/?post_type=product&#038;p=10011"},"modified":"2025-12-02T00:03:08","modified_gmt":"2025-12-01T23:03:08","slug":"lpdo-vanille-persuasive-100ml-edpi","status":"publish","type":"product","link":"https:\/\/www.lpdo.it\/fr\/p\/lpdo-vanille-persuasive-100ml-edpi\/","title":{"rendered":"Vanille Persuasive 100ml EDPI"},"content":{"rendered":"<p>NOTES EN T\u00caTE<br \/>\nFeuilles de tabac, notes \u00e9pic\u00e9es<br \/>\nNOTES DE C\u0152UR<br \/>\nF\u00e8ve Tonka, fleur de tabac, vanille, cacao<br \/>\nNOTES DE BAS DE PAGE<br \/>\nFruits secs, notes bois\u00e9es<\/p>","protected":false},"excerpt":{"rendered":"<p>Un parfum \u00e0 l'\u00e2me douce et intense. Chaleureux et embl\u00e9matique, il r\u00e9v\u00e8le imm\u00e9diatement une riche essence de tabac rehauss\u00e9e de notes \u00e9pic\u00e9es. Une \u00e2me \u00e9pic\u00e9e avec un c\u0153ur doux de f\u00e8ve Tonka, de fleur de tabac, de vanille et de cacao. Un parfum naturel et s\u00e9lectif qui procure des \u00e9motions inimitables.<\/p>","protected":false},"featured_media":295309,"template":"","meta":[],"product_brand":[],"product_cat":[63],"product_tag":[],"class_list":{"0":"post-10011","1":"product","2":"type-product","3":"status-publish","4":"has-post-thumbnail","6":"product_cat-fragranze","8":"first","9":"instock","10":"shipping-taxable","11":"purchasable","12":"product-type-simple"},"_links":{"self":[{"href":"https:\/\/www.lpdo.it\/fr\/wp-json\/wp\/v2\/product\/10011","targetHints":{"allow":["GET"]}}],"collection":[{"href":"https:\/\/www.lpdo.it\/fr\/wp-json\/wp\/v2\/product"}],"about":[{"href":"https:\/\/www.lpdo.it\/fr\/wp-json\/wp\/v2\/types\/product"}],"wp:featuredmedia":[{"embeddable":true,"href":"https:\/\/www.lpdo.it\/fr\/wp-json\/wp\/v2\/media\/295309"}],"wp:attachment":[{"href":"https:\/\/www.lpdo.it\/fr\/wp-json\/wp\/v2\/media?parent=10011"}],"wp:term":[{"taxonomy":"product_brand","embeddable":true,"href":"https:\/\/www.lpdo.it\/fr\/wp-json\/wp\/v2\/product_brand?post=10011"},{"taxonomy":"product_cat","embeddable":true,"href":"https:\/\/www.lpdo.it\/fr\/wp-json\/wp\/v2\/product_cat?post=10011"},{"taxonomy":"product_tag","embeddable":true,"href":"https:\/\/www.lpdo.it\/fr\/wp-json\/wp\/v2\/product_tag?post=10011"}],"curies":[{"name":"wp","href":"https:\/\/api.w.org\/{rel}","templated":true}]}}