{"id":102971,"date":"2020-07-23T16:59:03","date_gmt":"2020-07-23T14:59:03","guid":{"rendered":"https:\/\/www.lpdo.it\/?post_type=product&#038;p=102971"},"modified":"2026-05-07T09:19:51","modified_gmt":"2026-05-07T07:19:51","slug":"lpdo-voyage-secret-100ml-edpi","status":"publish","type":"product","link":"https:\/\/www.lpdo.it\/fr\/p\/lpdo-voyage-secret-100ml-edpi\/","title":{"rendered":"Voyage Secret 100ml EDPI"},"content":{"rendered":"<p>NOTES EN T\u00caTE<br \/>\nGurjum, safran, huile de ciste<br \/>\nNOTES DE C\u0152UR<br \/>\nOud, Rose, G\u00e9ranium, Framboise<br \/>\nNOTES DE BAS DE PAGE<br \/>\nBois de santal, ambre, benjoin<\/p>","protected":false},"excerpt":{"rendered":"<p>Un voyage au c\u0153ur du d\u00e9sert. Destin\u00e9 aux amateurs d'essences rares, Voyage Secret concentre cette sensation d'infini dans l'un des ingr\u00e9dients les plus mythiques de la parfumerie, le bois de Oud. Une mati\u00e8re rebelle \u00e0 la beaut\u00e9 enivrante, facett\u00e9e d'une pointe de benjoin et d'accents de framboise. La composition se termine par un accent fum\u00e9 d'encens qui enveloppe mystiquement la personne qui le porte.<\/p>","protected":false},"featured_media":295311,"template":"","meta":[],"product_brand":[],"product_cat":[63],"product_tag":[],"class_list":{"0":"post-102971","1":"product","2":"type-product","3":"status-publish","4":"has-post-thumbnail","6":"product_cat-fragranze","8":"first","9":"outofstock","10":"shipping-taxable","11":"purchasable","12":"product-type-simple"},"_links":{"self":[{"href":"https:\/\/www.lpdo.it\/fr\/wp-json\/wp\/v2\/product\/102971","targetHints":{"allow":["GET"]}}],"collection":[{"href":"https:\/\/www.lpdo.it\/fr\/wp-json\/wp\/v2\/product"}],"about":[{"href":"https:\/\/www.lpdo.it\/fr\/wp-json\/wp\/v2\/types\/product"}],"wp:featuredmedia":[{"embeddable":true,"href":"https:\/\/www.lpdo.it\/fr\/wp-json\/wp\/v2\/media\/295311"}],"wp:attachment":[{"href":"https:\/\/www.lpdo.it\/fr\/wp-json\/wp\/v2\/media?parent=102971"}],"wp:term":[{"taxonomy":"product_brand","embeddable":true,"href":"https:\/\/www.lpdo.it\/fr\/wp-json\/wp\/v2\/product_brand?post=102971"},{"taxonomy":"product_cat","embeddable":true,"href":"https:\/\/www.lpdo.it\/fr\/wp-json\/wp\/v2\/product_cat?post=102971"},{"taxonomy":"product_tag","embeddable":true,"href":"https:\/\/www.lpdo.it\/fr\/wp-json\/wp\/v2\/product_tag?post=102971"}],"curies":[{"name":"wp","href":"https:\/\/api.w.org\/{rel}","templated":true}]}}