{"id":102976,"date":"2020-07-23T17:06:17","date_gmt":"2020-07-23T15:06:17","guid":{"rendered":"https:\/\/www.lpdo.it\/?post_type=product&#038;p=102976"},"modified":"2025-12-02T00:03:07","modified_gmt":"2025-12-01T23:03:07","slug":"lpdo-delire-rouge-100ml-edpi","status":"publish","type":"product","link":"https:\/\/www.lpdo.it\/fr\/p\/lpdo-delire-rouge-100ml-edpi\/","title":{"rendered":"D\u00e9lire Rouge 100ml EDPI"},"content":{"rendered":"<p>NOTES EN T\u00caTE<br \/>\nOrange douce, fleur de safran, jasmin<br \/>\nNOTES DE C\u0152UR<br \/>\nRose blanche, safran, bois d'ambre, magnolia<br \/>\nNOTES DE BAS DE PAGE<br \/>\nR\u00e9sine d'\u00e9pic\u00e9a, bois pr\u00e9cieux, mousses transparentes<\/p>","protected":false},"excerpt":{"rendered":"<p>D\u00e9lire Rouge est une po\u00e9sie liquide. Une composition extr\u00eamement luxueuse et raffin\u00e9e \u00e0 l'ar\u00f4me intense et excitant, presque \u00e9rotique. La d\u00e9licatesse du jasmin et la duret\u00e9 du safran accentuent l'onctuosit\u00e9, donnant \u00e0 la fragrance un d\u00e9part chaud et suave. La peau est doucement caress\u00e9e par des notes ambr\u00e9es et bois\u00e9es, anticipant le myst\u00e8re voil\u00e9 avec lequel la composition se termine.<\/p>","protected":false},"featured_media":295293,"template":"","meta":[],"product_brand":[],"product_cat":[63],"product_tag":[],"class_list":{"0":"post-102976","1":"product","2":"type-product","3":"status-publish","4":"has-post-thumbnail","6":"product_cat-fragranze","8":"first","9":"instock","10":"shipping-taxable","11":"purchasable","12":"product-type-simple"},"_links":{"self":[{"href":"https:\/\/www.lpdo.it\/fr\/wp-json\/wp\/v2\/product\/102976","targetHints":{"allow":["GET"]}}],"collection":[{"href":"https:\/\/www.lpdo.it\/fr\/wp-json\/wp\/v2\/product"}],"about":[{"href":"https:\/\/www.lpdo.it\/fr\/wp-json\/wp\/v2\/types\/product"}],"wp:featuredmedia":[{"embeddable":true,"href":"https:\/\/www.lpdo.it\/fr\/wp-json\/wp\/v2\/media\/295293"}],"wp:attachment":[{"href":"https:\/\/www.lpdo.it\/fr\/wp-json\/wp\/v2\/media?parent=102976"}],"wp:term":[{"taxonomy":"product_brand","embeddable":true,"href":"https:\/\/www.lpdo.it\/fr\/wp-json\/wp\/v2\/product_brand?post=102976"},{"taxonomy":"product_cat","embeddable":true,"href":"https:\/\/www.lpdo.it\/fr\/wp-json\/wp\/v2\/product_cat?post=102976"},{"taxonomy":"product_tag","embeddable":true,"href":"https:\/\/www.lpdo.it\/fr\/wp-json\/wp\/v2\/product_tag?post=102976"}],"curies":[{"name":"wp","href":"https:\/\/api.w.org\/{rel}","templated":true}]}}