{"id":118150,"date":"2020-11-04T11:07:05","date_gmt":"2020-11-04T10:07:05","guid":{"rendered":"https:\/\/www.lpdo.it\/?post_type=product&#038;p=118150"},"modified":"2025-12-02T00:03:46","modified_gmt":"2025-12-01T23:03:46","slug":"lpdo-superbe-cafe-30ml-edpi","status":"publish","type":"product","link":"https:\/\/www.lpdo.it\/fr\/p\/lpdo-superbe-cafe-30ml-edpi\/","title":{"rendered":"Superbe Caf\u00e9 30ml EDPI"},"content":{"rendered":"<div class=\"type-block\">\n<div class=\"row\">\n<div class=\"col-md-4\">\n<p>    <img decoding=\"async\" src=\"https:\/\/www.lpdo.it\/wp-content\/themes\/lpdo\/images\/testa.svg\" alt=\"Note di Testa\" \/><\/p>\n<h5>T\u00caTE<\/h5>\n<p>    Notes florales<\/p><\/div>\n<div class=\"col-md-4\">\n<p>    <img decoding=\"async\" src=\"https:\/\/www.lpdo.it\/wp-content\/themes\/lpdo\/images\/cuore.svg\" alt=\"NOTE DI CUORE\" \/><\/p>\n<h5>C\u0152UR<\/h5>\n<p>    Rose, Caf\u00e9<\/p><\/div>\n<div class=\"col-md-4\">\n<p>    <img decoding=\"async\" src=\"https:\/\/www.lpdo.it\/wp-content\/themes\/lpdo\/images\/fondo.svg\" alt=\"NOTE DI FONDO\" \/><\/p>\n<h5>FONDS<\/h5>\n<p>    Ambre, Vanille, Musc blanc<\/p><\/div>\n<\/p><\/div>\n<\/p><\/div>","protected":false},"excerpt":{"rendered":"<p>Superbe Caf\u00e9 est un concentr\u00e9 pur et aromatique de rose et de caf\u00e9.<br \/>La composition chaude et sensuelle s'ouvre sur de sublimes notes de t\u00eate florales qui frappent le nez d\u00e8s la premi\u00e8re bouff\u00e9e.<br \/>Le c\u0153ur, fort et d\u00e9cisif, englobe la richesse de la rose et l'ar\u00f4me dynamique des grains de caf\u00e9 purs.<br \/>Le fond, compos\u00e9 d'ambre, de vanille et de musc blanc, conf\u00e8re \u00e0 la fragrance un caract\u00e8re structur\u00e9 et enveloppant.<\/p>","protected":false},"featured_media":295328,"template":"","meta":[],"product_brand":[],"product_cat":[63],"product_tag":[],"class_list":{"0":"post-118150","1":"product","2":"type-product","3":"status-publish","4":"has-post-thumbnail","6":"product_cat-fragranze","8":"first","9":"instock","10":"shipping-taxable","11":"purchasable","12":"product-type-simple"},"_links":{"self":[{"href":"https:\/\/www.lpdo.it\/fr\/wp-json\/wp\/v2\/product\/118150","targetHints":{"allow":["GET"]}}],"collection":[{"href":"https:\/\/www.lpdo.it\/fr\/wp-json\/wp\/v2\/product"}],"about":[{"href":"https:\/\/www.lpdo.it\/fr\/wp-json\/wp\/v2\/types\/product"}],"wp:featuredmedia":[{"embeddable":true,"href":"https:\/\/www.lpdo.it\/fr\/wp-json\/wp\/v2\/media\/295328"}],"wp:attachment":[{"href":"https:\/\/www.lpdo.it\/fr\/wp-json\/wp\/v2\/media?parent=118150"}],"wp:term":[{"taxonomy":"product_brand","embeddable":true,"href":"https:\/\/www.lpdo.it\/fr\/wp-json\/wp\/v2\/product_brand?post=118150"},{"taxonomy":"product_cat","embeddable":true,"href":"https:\/\/www.lpdo.it\/fr\/wp-json\/wp\/v2\/product_cat?post=118150"},{"taxonomy":"product_tag","embeddable":true,"href":"https:\/\/www.lpdo.it\/fr\/wp-json\/wp\/v2\/product_tag?post=118150"}],"curies":[{"name":"wp","href":"https:\/\/api.w.org\/{rel}","templated":true}]}}