{"id":118174,"date":"2020-11-04T13:00:48","date_gmt":"2020-11-04T12:00:48","guid":{"rendered":"https:\/\/www.lpdo.it\/?post_type=product&#038;p=118174"},"modified":"2025-12-02T00:03:46","modified_gmt":"2025-12-01T23:03:46","slug":"lpdo-excentrique-oud-30ml-edpi","status":"publish","type":"product","link":"https:\/\/www.lpdo.it\/fr\/p\/lpdo-excentrique-oud-30ml-edpi\/","title":{"rendered":"Excentrique Oud 30ml EDPI"},"content":{"rendered":"<p>NOTES EN T\u00caTE<br \/>\nBergamote, Framboise<br \/>\nNOTES DE C\u0152UR<br \/>\nBois d'agar (Oud)<br \/>\nNOTES DE BAS DE PAGE<br \/>\nMousse, Ambroxan<\/p>","protected":false},"excerpt":{"rendered":"<p><span style=\"font-weight: 400;\">Une version moderne du Oud. Pr\u00e9c\u00e9d\u00e9 de notes de t\u00eate p\u00e9tillantes de bergamote et de framboise, le bois d'agar, commun\u00e9ment appel\u00e9 Oud, est l'ingr\u00e9dient principal de ce parfum luxueux et enveloppant. Une fragrance aux accents profonds et orientaux qui \u00e9clate en un sillage unique et inimitable.<\/span><\/p>","protected":false},"featured_media":295315,"template":"","meta":[],"product_brand":[],"product_cat":[63],"product_tag":[],"class_list":{"0":"post-118174","1":"product","2":"type-product","3":"status-publish","4":"has-post-thumbnail","6":"product_cat-fragranze","8":"first","9":"instock","10":"shipping-taxable","11":"purchasable","12":"product-type-simple"},"_links":{"self":[{"href":"https:\/\/www.lpdo.it\/fr\/wp-json\/wp\/v2\/product\/118174","targetHints":{"allow":["GET"]}}],"collection":[{"href":"https:\/\/www.lpdo.it\/fr\/wp-json\/wp\/v2\/product"}],"about":[{"href":"https:\/\/www.lpdo.it\/fr\/wp-json\/wp\/v2\/types\/product"}],"wp:featuredmedia":[{"embeddable":true,"href":"https:\/\/www.lpdo.it\/fr\/wp-json\/wp\/v2\/media\/295315"}],"wp:attachment":[{"href":"https:\/\/www.lpdo.it\/fr\/wp-json\/wp\/v2\/media?parent=118174"}],"wp:term":[{"taxonomy":"product_brand","embeddable":true,"href":"https:\/\/www.lpdo.it\/fr\/wp-json\/wp\/v2\/product_brand?post=118174"},{"taxonomy":"product_cat","embeddable":true,"href":"https:\/\/www.lpdo.it\/fr\/wp-json\/wp\/v2\/product_cat?post=118174"},{"taxonomy":"product_tag","embeddable":true,"href":"https:\/\/www.lpdo.it\/fr\/wp-json\/wp\/v2\/product_tag?post=118174"}],"curies":[{"name":"wp","href":"https:\/\/api.w.org\/{rel}","templated":true}]}}