{"id":118177,"date":"2020-11-04T13:03:21","date_gmt":"2020-11-04T12:03:21","guid":{"rendered":"https:\/\/www.lpdo.it\/?post_type=product&#038;p=118177"},"modified":"2025-12-02T00:03:45","modified_gmt":"2025-12-01T23:03:45","slug":"lpdo-fleur-noire-30ml-edpi","status":"publish","type":"product","link":"https:\/\/www.lpdo.it\/fr\/p\/lpdo-fleur-noire-30ml-edpi\/","title":{"rendered":"Fleur Noire 30ml EDPI"},"content":{"rendered":"<p>NOTES EN T\u00caTE<br \/>\nBergamote, agrumes, mandarine, gard\u00e9nia noir<br \/>\nNOTES DE C\u0152UR<br \/>\nJasmin, Ylang-ylang, Bois de lotus, Orchid\u00e9e noire, Accord floral \u00e9pic\u00e9<br \/>\nNOTES DE BAS DE PAGE<br \/>\nPatchouli, bois de santal, encens, vanille<\/p>","protected":false},"excerpt":{"rendered":"<p>Un parfum luxueux et sensuel, \u00e0 la fois moderne et intemporel. Des accords riches et sombres cr\u00e9ent une potion s\u00e9duisante d'orchid\u00e9es noires et d'\u00e9pices. Les notes d'Ylang-ylang et de Jasmin ouvrent la fragrance avec un effet \u00e9l\u00e9gant et aphrodisiaque. Le contraste entre la bergamote, l'orange am\u00e8re et la prune enveloppe l'orchid\u00e9e noire, cr\u00e9ant un effet envo\u00fbtant et s\u00e9duisant. Les notes de fond de Patchouli, Chocolat, Vanille et Ambre donnent de la chaleur et une grande persistance au parfum.<\/p>","protected":false},"featured_media":295317,"template":"","meta":[],"product_brand":[],"product_cat":[63],"product_tag":[],"class_list":{"0":"post-118177","1":"product","2":"type-product","3":"status-publish","4":"has-post-thumbnail","6":"product_cat-fragranze","8":"first","9":"instock","10":"shipping-taxable","11":"purchasable","12":"product-type-simple"},"_links":{"self":[{"href":"https:\/\/www.lpdo.it\/fr\/wp-json\/wp\/v2\/product\/118177","targetHints":{"allow":["GET"]}}],"collection":[{"href":"https:\/\/www.lpdo.it\/fr\/wp-json\/wp\/v2\/product"}],"about":[{"href":"https:\/\/www.lpdo.it\/fr\/wp-json\/wp\/v2\/types\/product"}],"wp:featuredmedia":[{"embeddable":true,"href":"https:\/\/www.lpdo.it\/fr\/wp-json\/wp\/v2\/media\/295317"}],"wp:attachment":[{"href":"https:\/\/www.lpdo.it\/fr\/wp-json\/wp\/v2\/media?parent=118177"}],"wp:term":[{"taxonomy":"product_brand","embeddable":true,"href":"https:\/\/www.lpdo.it\/fr\/wp-json\/wp\/v2\/product_brand?post=118177"},{"taxonomy":"product_cat","embeddable":true,"href":"https:\/\/www.lpdo.it\/fr\/wp-json\/wp\/v2\/product_cat?post=118177"},{"taxonomy":"product_tag","embeddable":true,"href":"https:\/\/www.lpdo.it\/fr\/wp-json\/wp\/v2\/product_tag?post=118177"}],"curies":[{"name":"wp","href":"https:\/\/api.w.org\/{rel}","templated":true}]}}