{"id":118178,"date":"2020-11-04T13:04:26","date_gmt":"2020-11-04T12:04:26","guid":{"rendered":"https:\/\/www.lpdo.it\/?post_type=product&#038;p=118178"},"modified":"2025-12-02T00:03:45","modified_gmt":"2025-12-01T23:03:45","slug":"lpdo-cretus-30ml-edpi","status":"publish","type":"product","link":"https:\/\/www.lpdo.it\/fr\/p\/lpdo-cretus-30ml-edpi\/","title":{"rendered":"Cretus 30ml EDPI"},"content":{"rendered":"<p>NOTES EN T\u00caTE<br \/>\nCassis, Bergamote, Pomme, Ananas<br \/>\nNOTES DE C\u0152UR<br \/>\nJasmin, patchouli, bouleau, baies de geni\u00e8vre<br \/>\nNOTES DE BAS DE PAGE<br \/>\nMousse de ch\u00eane, ambre gris, musc, vanille<\/p>","protected":false},"excerpt":{"rendered":"<p>Cretus est une \u00e9nergie pure. Un parfum qui c\u00e9l\u00e8bre la force, le succ\u00e8s et le courage. Les notes de t\u00eate de cassis, d'ananas et de bergamote se m\u00ealent \u00e0 un accord fruit\u00e9 de pomme. Les notes de c\u0153ur revigorantes de bouleau et de jasmin capturent vraiment la profondeur de ce parfum. L'ambre gris doux et persistant et le musc pur apportent la fra\u00eecheur et l'\u00e9nergie de ce parfum sur la peau tout au long de la journ\u00e9e.<\/p>","protected":false},"featured_media":295313,"template":"","meta":[],"product_brand":[],"product_cat":[63],"product_tag":[],"class_list":{"0":"post-118178","1":"product","2":"type-product","3":"status-publish","4":"has-post-thumbnail","6":"product_cat-fragranze","8":"first","9":"instock","10":"shipping-taxable","11":"purchasable","12":"product-type-simple"},"_links":{"self":[{"href":"https:\/\/www.lpdo.it\/fr\/wp-json\/wp\/v2\/product\/118178","targetHints":{"allow":["GET"]}}],"collection":[{"href":"https:\/\/www.lpdo.it\/fr\/wp-json\/wp\/v2\/product"}],"about":[{"href":"https:\/\/www.lpdo.it\/fr\/wp-json\/wp\/v2\/types\/product"}],"wp:featuredmedia":[{"embeddable":true,"href":"https:\/\/www.lpdo.it\/fr\/wp-json\/wp\/v2\/media\/295313"}],"wp:attachment":[{"href":"https:\/\/www.lpdo.it\/fr\/wp-json\/wp\/v2\/media?parent=118178"}],"wp:term":[{"taxonomy":"product_brand","embeddable":true,"href":"https:\/\/www.lpdo.it\/fr\/wp-json\/wp\/v2\/product_brand?post=118178"},{"taxonomy":"product_cat","embeddable":true,"href":"https:\/\/www.lpdo.it\/fr\/wp-json\/wp\/v2\/product_cat?post=118178"},{"taxonomy":"product_tag","embeddable":true,"href":"https:\/\/www.lpdo.it\/fr\/wp-json\/wp\/v2\/product_tag?post=118178"}],"curies":[{"name":"wp","href":"https:\/\/api.w.org\/{rel}","templated":true}]}}