{"id":118182,"date":"2020-11-04T13:08:05","date_gmt":"2020-11-04T12:08:05","guid":{"rendered":"https:\/\/www.lpdo.it\/?post_type=product&#038;p=118182"},"modified":"2025-12-02T00:03:44","modified_gmt":"2025-12-01T23:03:44","slug":"lpdo-mieloud-30ml-edpi","status":"publish","type":"product","link":"https:\/\/www.lpdo.it\/fr\/p\/lpdo-mieloud-30ml-edpi\/","title":{"rendered":"Mieloud 30ml EDPI"},"content":{"rendered":"<p>NOTES EN T\u00caTE<br \/>\nCannelle de Ceylan, Miel<br \/>\nNOTES DE C\u0152UR<br \/>\nPatchouli de Sumatra, notes florales<br \/>\nNOTES DE BAS DE PAGE<br \/>\nAmbre, cuir, Lao Oud, vanille, musc blanc<\/p>","protected":false},"excerpt":{"rendered":"<p>La douceur du miel et la puissance de l'oud s'unissent pour cr\u00e9er un parfum universel. Le c\u0153ur palpitant du miel et du oud est rehauss\u00e9 par la cannelle de Ceylan. Le Patchouli se m\u00eale \u00e0 la Vanille, se moulant dans un nuage de douceur irr\u00e9sistible. Enfin, dans les notes de fond, une surprise inattendue gr\u00e2ce aux nuances sauvages et pr\u00e9cieuses de l'Ambre et du Cuir.<\/p>","protected":false},"featured_media":295321,"template":"","meta":[],"product_brand":[],"product_cat":[63],"product_tag":[],"class_list":{"0":"post-118182","1":"product","2":"type-product","3":"status-publish","4":"has-post-thumbnail","6":"product_cat-fragranze","8":"first","9":"instock","10":"shipping-taxable","11":"purchasable","12":"product-type-simple"},"_links":{"self":[{"href":"https:\/\/www.lpdo.it\/fr\/wp-json\/wp\/v2\/product\/118182","targetHints":{"allow":["GET"]}}],"collection":[{"href":"https:\/\/www.lpdo.it\/fr\/wp-json\/wp\/v2\/product"}],"about":[{"href":"https:\/\/www.lpdo.it\/fr\/wp-json\/wp\/v2\/types\/product"}],"wp:featuredmedia":[{"embeddable":true,"href":"https:\/\/www.lpdo.it\/fr\/wp-json\/wp\/v2\/media\/295321"}],"wp:attachment":[{"href":"https:\/\/www.lpdo.it\/fr\/wp-json\/wp\/v2\/media?parent=118182"}],"wp:term":[{"taxonomy":"product_brand","embeddable":true,"href":"https:\/\/www.lpdo.it\/fr\/wp-json\/wp\/v2\/product_brand?post=118182"},{"taxonomy":"product_cat","embeddable":true,"href":"https:\/\/www.lpdo.it\/fr\/wp-json\/wp\/v2\/product_cat?post=118182"},{"taxonomy":"product_tag","embeddable":true,"href":"https:\/\/www.lpdo.it\/fr\/wp-json\/wp\/v2\/product_tag?post=118182"}],"curies":[{"name":"wp","href":"https:\/\/api.w.org\/{rel}","templated":true}]}}