{"id":1918,"date":"2018-10-15T11:42:40","date_gmt":"2018-10-15T09:42:40","guid":{"rendered":"http:\/\/demo3.nexthelp.it\/?post_type=product&#038;p=1918"},"modified":"2025-12-02T00:03:08","modified_gmt":"2025-12-01T23:03:08","slug":"lpdo-excentrique-oud-100ml-edpi","status":"publish","type":"product","link":"https:\/\/www.lpdo.it\/fr\/p\/lpdo-excentrique-oud-100ml-edpi\/","title":{"rendered":"Excentrique Oud 100ml EDPI"},"content":{"rendered":"<div class=\"container\">\n<div class=\"section\">\n<div class=\"section_content_detail\">\n<div id=\"cph_section_upd_dettaglio\">\n<div class=\"div_dett_image\">\n<div class=\"contain_tab_descriptions tab_dettaglio\">\n<div id=\"tab_scheda\" class=\"tab_c tab_c_current\">\n<article id=\"cph_section_descdett_contain\" class=\"descdettagliata_contain\">NOTES EN T\u00caTE<br \/>\nBergamote, Framboise<br \/>\nNOTES DE C\u0152UR<br \/>\nBois d'agar (Oud)<br \/>\nNOTES DE BAS DE PAGE<br \/>\nMousse, Ambroxan<\/article>\n<\/div>\n<\/div>\n<\/div>\n<\/div>\n<\/div>\n<\/div>\n<\/div>","protected":false},"excerpt":{"rendered":"<p><span style=\"font-weight: 400;\">Une version moderne du Oud. Pr\u00e9c\u00e9d\u00e9 de notes de t\u00eate p\u00e9tillantes de bergamote et de framboise, le bois d'agar, commun\u00e9ment appel\u00e9 Oud, est l'ingr\u00e9dient principal de ce parfum luxueux et enveloppant. Une fragrance aux accents profonds et orientaux qui \u00e9clate en un sillage unique et inimitable.<\/span><\/p>","protected":false},"featured_media":295294,"template":"","meta":[],"product_brand":[],"product_cat":[63],"product_tag":[],"class_list":{"0":"post-1918","1":"product","2":"type-product","3":"status-publish","4":"has-post-thumbnail","6":"product_cat-fragranze","8":"first","9":"instock","10":"shipping-taxable","11":"purchasable","12":"product-type-simple"},"_links":{"self":[{"href":"https:\/\/www.lpdo.it\/fr\/wp-json\/wp\/v2\/product\/1918","targetHints":{"allow":["GET"]}}],"collection":[{"href":"https:\/\/www.lpdo.it\/fr\/wp-json\/wp\/v2\/product"}],"about":[{"href":"https:\/\/www.lpdo.it\/fr\/wp-json\/wp\/v2\/types\/product"}],"wp:featuredmedia":[{"embeddable":true,"href":"https:\/\/www.lpdo.it\/fr\/wp-json\/wp\/v2\/media\/295294"}],"wp:attachment":[{"href":"https:\/\/www.lpdo.it\/fr\/wp-json\/wp\/v2\/media?parent=1918"}],"wp:term":[{"taxonomy":"product_brand","embeddable":true,"href":"https:\/\/www.lpdo.it\/fr\/wp-json\/wp\/v2\/product_brand?post=1918"},{"taxonomy":"product_cat","embeddable":true,"href":"https:\/\/www.lpdo.it\/fr\/wp-json\/wp\/v2\/product_cat?post=1918"},{"taxonomy":"product_tag","embeddable":true,"href":"https:\/\/www.lpdo.it\/fr\/wp-json\/wp\/v2\/product_tag?post=1918"}],"curies":[{"name":"wp","href":"https:\/\/api.w.org\/{rel}","templated":true}]}}