{"id":1929,"date":"2018-10-15T11:48:55","date_gmt":"2018-10-15T09:48:55","guid":{"rendered":"http:\/\/demo3.nexthelp.it\/?post_type=product&#038;p=1929"},"modified":"2025-12-02T00:03:08","modified_gmt":"2025-12-01T23:03:08","slug":"lpdo-rose-sensuelle-100ml-edpi","status":"publish","type":"product","link":"https:\/\/www.lpdo.it\/fr\/p\/lpdo-rose-sensuelle-100ml-edpi\/","title":{"rendered":"Rose Sensuelle 100ml EDPI"},"content":{"rendered":"<p>NOTES EN T\u00caTE<br \/>\nEssence de rose<br \/>\nNOTES DE C\u0152UR<br \/>\nAbsolu de rose, jasmin<br \/>\nNOTES DE BAS DE PAGE<br \/>\nMusc, Ambre<\/p>","protected":false},"excerpt":{"rendered":"<p>Un parfum s\u00e9duisant qui cr\u00e9e la juste harmonie entre la d\u00e9licatesse de la rose et l'\u00e9nergie enveloppante du musc. Un parfum o\u00f9 les roses les plus pures et les plus pr\u00e9cieuses sont magistralement harmonis\u00e9es par le d\u00e9licat Musc blanc, et auxquelles on donne une touche s\u00e9duisante et sensuelle avec des notes d'Ambre et de Jasmin. Un hommage \u00e0 l'\u00e9l\u00e9gance f\u00e9minine d\u00e9licate.<\/p>","protected":false},"featured_media":295302,"template":"","meta":[],"product_brand":[],"product_cat":[63],"product_tag":[],"class_list":{"0":"post-1929","1":"product","2":"type-product","3":"status-publish","4":"has-post-thumbnail","6":"product_cat-fragranze","8":"first","9":"instock","10":"shipping-taxable","11":"purchasable","12":"product-type-simple"},"_links":{"self":[{"href":"https:\/\/www.lpdo.it\/fr\/wp-json\/wp\/v2\/product\/1929","targetHints":{"allow":["GET"]}}],"collection":[{"href":"https:\/\/www.lpdo.it\/fr\/wp-json\/wp\/v2\/product"}],"about":[{"href":"https:\/\/www.lpdo.it\/fr\/wp-json\/wp\/v2\/types\/product"}],"wp:featuredmedia":[{"embeddable":true,"href":"https:\/\/www.lpdo.it\/fr\/wp-json\/wp\/v2\/media\/295302"}],"wp:attachment":[{"href":"https:\/\/www.lpdo.it\/fr\/wp-json\/wp\/v2\/media?parent=1929"}],"wp:term":[{"taxonomy":"product_brand","embeddable":true,"href":"https:\/\/www.lpdo.it\/fr\/wp-json\/wp\/v2\/product_brand?post=1929"},{"taxonomy":"product_cat","embeddable":true,"href":"https:\/\/www.lpdo.it\/fr\/wp-json\/wp\/v2\/product_cat?post=1929"},{"taxonomy":"product_tag","embeddable":true,"href":"https:\/\/www.lpdo.it\/fr\/wp-json\/wp\/v2\/product_tag?post=1929"}],"curies":[{"name":"wp","href":"https:\/\/api.w.org\/{rel}","templated":true}]}}