{"id":214910,"date":"2022-04-19T00:01:29","date_gmt":"2022-04-18T22:01:29","guid":{"rendered":"https:\/\/www.lpdo.it\/?post_type=product&#038;p=214910"},"modified":"2026-01-26T09:14:33","modified_gmt":"2026-01-26T08:14:33","slug":"jardin-imperial-100ml-edpi","status":"publish","type":"product","link":"https:\/\/www.lpdo.it\/fr\/p\/jardin-imperial-100ml-edpi\/","title":{"rendered":"Jardin Imp\u00e9rial 100ML EDPI"},"content":{"rendered":"<div class=\"type-block\">\n<div class=\"row\">\n<div class=\"col-md-4\">\n<p>    <img decoding=\"async\" src=\"https:\/\/www.lpdo.it\/wp-content\/themes\/lpdo\/images\/testa.svg\" alt=\"Note di Testa\" \/><\/p>\n<h5>T\u00caTE<\/h5>\n<p>    Orange, Bergamote, Citron de Sicile<\/p><\/div>\n<div class=\"col-md-4\">\n<p>    <img decoding=\"async\" src=\"https:\/\/www.lpdo.it\/wp-content\/themes\/lpdo\/images\/cuore.svg\" alt=\"NOTE DI CUORE\" \/><\/p>\n<h5>C\u0152UR<\/h5>\n<p>    Fruits m\u00e9diterran\u00e9ens<\/p><\/div>\n<div class=\"col-md-4\">\n<p>    <img decoding=\"async\" src=\"https:\/\/www.lpdo.it\/wp-content\/themes\/lpdo\/images\/fondo.svg\" alt=\"NOTE DI FONDO\" \/><\/p>\n<h5>FONDS<\/h5>\n<p>    Musc, Vanille, Ambre<\/p><\/div>\n<\/p><\/div>\n<\/p><\/div>","protected":false},"excerpt":{"rendered":"<p>Jardin Imp\u00e9rial, c'est la l\u00e9g\u00e8ret\u00e9 vive des jardins m\u00e9diterran\u00e9ens.<br \/>La composition s'ouvre sur des notes de t\u00eate de citron de Sicile et de bergamote qui animent la douceur de l'orange.<br \/>Les notes de c\u0153ur, structur\u00e9es sur les saveurs des fruits m\u00e9diterran\u00e9ens, sont une explosion de l\u00e9g\u00e8ret\u00e9 qui fait l'\u00e9loge de la vivacit\u00e9 des agrumes.<br \/>Les notes de fond de vanille, de musc et d'ambre donnent un \u00e9quilibre chaud et doux \u00e0 ce parfum vif et lumineux, comme un jardin m\u00e9diterran\u00e9en.<\/p>","protected":false},"featured_media":295299,"template":"","meta":[],"product_brand":[],"product_cat":[63],"product_tag":[],"class_list":{"0":"post-214910","1":"product","2":"type-product","3":"status-publish","4":"has-post-thumbnail","6":"product_cat-fragranze","8":"first","9":"instock","10":"shipping-taxable","11":"purchasable","12":"product-type-simple"},"_links":{"self":[{"href":"https:\/\/www.lpdo.it\/fr\/wp-json\/wp\/v2\/product\/214910","targetHints":{"allow":["GET"]}}],"collection":[{"href":"https:\/\/www.lpdo.it\/fr\/wp-json\/wp\/v2\/product"}],"about":[{"href":"https:\/\/www.lpdo.it\/fr\/wp-json\/wp\/v2\/types\/product"}],"wp:featuredmedia":[{"embeddable":true,"href":"https:\/\/www.lpdo.it\/fr\/wp-json\/wp\/v2\/media\/295299"}],"wp:attachment":[{"href":"https:\/\/www.lpdo.it\/fr\/wp-json\/wp\/v2\/media?parent=214910"}],"wp:term":[{"taxonomy":"product_brand","embeddable":true,"href":"https:\/\/www.lpdo.it\/fr\/wp-json\/wp\/v2\/product_brand?post=214910"},{"taxonomy":"product_cat","embeddable":true,"href":"https:\/\/www.lpdo.it\/fr\/wp-json\/wp\/v2\/product_cat?post=214910"},{"taxonomy":"product_tag","embeddable":true,"href":"https:\/\/www.lpdo.it\/fr\/wp-json\/wp\/v2\/product_tag?post=214910"}],"curies":[{"name":"wp","href":"https:\/\/api.w.org\/{rel}","templated":true}]}}