{"id":233831,"date":"2022-10-26T00:15:50","date_gmt":"2022-10-25T22:15:50","guid":{"rendered":"https:\/\/www.lpdo.it\/?post_type=product&#038;p=233831"},"modified":"2025-12-02T00:03:05","modified_gmt":"2025-12-01T23:03:05","slug":"gotique-island-100ml-edpi","status":"publish","type":"product","link":"https:\/\/www.lpdo.it\/fr\/p\/gotique-island-100ml-edpi\/","title":{"rendered":"GOTIQUE ISLAND 100ML EDPI"},"content":{"rendered":"<div class=\"type-block\">\n<div class=\"row\">\n<div class=\"col-md-4\">\n<p>    <img decoding=\"async\" src=\"https:\/\/www.lpdo.it\/wp-content\/themes\/lpdo\/images\/testa.svg\" alt=\"Note di Testa\" \/><\/p>\n<h5>T\u00caTE<\/h5>\n<p>    Notes fruit\u00e9es<\/p><\/div>\n<div class=\"col-md-4\">\n<p>    <img decoding=\"async\" src=\"https:\/\/www.lpdo.it\/wp-content\/themes\/lpdo\/images\/cuore.svg\" alt=\"NOTE DI CUORE\" \/><\/p>\n<h5>C\u0152UR<\/h5>\n<p>    Fleur d'oranger, notes ensoleill\u00e9es<\/p><\/div>\n<div class=\"col-md-4\">\n<p>    <img decoding=\"async\" src=\"https:\/\/www.lpdo.it\/wp-content\/themes\/lpdo\/images\/fondo.svg\" alt=\"NOTE DI FONDO\" \/><\/p>\n<h5>FONDS<\/h5>\n<p>    Musc, Cachemire, Vanille, Patchouli<\/p><\/div>\n<\/p><\/div>\n<\/p><\/div>","protected":false},"excerpt":{"rendered":"<p>L'\u00eele de Gotique est le souffle vibrant de la terre.<br \/>La composition, joyeuse et s\u00e9duisante, s'ouvre sur une t\u00eate de notes fruit\u00e9es et vives, pr\u00eates \u00e0 accueillir le souffle de la terre et les fruits qu'elle offre.<br \/>Le c\u0153ur puissant voit la fleur d'oranger embrass\u00e9e par des notes solaires \u00e9nigmatiques et riches.<br \/>Le fond, o\u00f9 le musc et le cachemire rencontrent la douceur de la vanille et l'intensit\u00e9 du patchouli, est voluptueux et captivant.<\/p>","protected":false},"featured_media":295297,"template":"","meta":[],"product_brand":[],"product_cat":[63],"product_tag":[],"class_list":{"0":"post-233831","1":"product","2":"type-product","3":"status-publish","4":"has-post-thumbnail","6":"product_cat-fragranze","8":"first","9":"instock","10":"shipping-taxable","11":"purchasable","12":"product-type-simple"},"_links":{"self":[{"href":"https:\/\/www.lpdo.it\/fr\/wp-json\/wp\/v2\/product\/233831","targetHints":{"allow":["GET"]}}],"collection":[{"href":"https:\/\/www.lpdo.it\/fr\/wp-json\/wp\/v2\/product"}],"about":[{"href":"https:\/\/www.lpdo.it\/fr\/wp-json\/wp\/v2\/types\/product"}],"wp:featuredmedia":[{"embeddable":true,"href":"https:\/\/www.lpdo.it\/fr\/wp-json\/wp\/v2\/media\/295297"}],"wp:attachment":[{"href":"https:\/\/www.lpdo.it\/fr\/wp-json\/wp\/v2\/media?parent=233831"}],"wp:term":[{"taxonomy":"product_brand","embeddable":true,"href":"https:\/\/www.lpdo.it\/fr\/wp-json\/wp\/v2\/product_brand?post=233831"},{"taxonomy":"product_cat","embeddable":true,"href":"https:\/\/www.lpdo.it\/fr\/wp-json\/wp\/v2\/product_cat?post=233831"},{"taxonomy":"product_tag","embeddable":true,"href":"https:\/\/www.lpdo.it\/fr\/wp-json\/wp\/v2\/product_tag?post=233831"}],"curies":[{"name":"wp","href":"https:\/\/api.w.org\/{rel}","templated":true}]}}