{"id":252830,"date":"2023-04-26T15:45:12","date_gmt":"2023-04-26T13:45:12","guid":{"rendered":"https:\/\/www.lpdo.it\/?post_type=product&#038;p=252830"},"modified":"2025-12-02T00:03:05","modified_gmt":"2025-12-01T23:03:05","slug":"mystique-love-100ml-edpi","status":"publish","type":"product","link":"https:\/\/www.lpdo.it\/fr\/p\/mystique-love-100ml-edpi\/","title":{"rendered":"MYSTIQUE LOVE 100ML EDPI"},"content":{"rendered":"<div class=\"type-block\">\n<div class=\"row\">\n<div class=\"col-md-4\">\n<p><img decoding=\"async\" src=\"https:\/\/www.lpdo.it\/wp-content\/themes\/lpdo\/images\/testa.svg\" alt=\"Note di Testa\" \/><\/p>\n<h5>T\u00caTE<\/h5>\n<p>Orange douce, Bergamote, Poivre rose<\/p>\n<\/div>\n<div class=\"col-md-4\">\n<p><img decoding=\"async\" src=\"https:\/\/www.lpdo.it\/wp-content\/themes\/lpdo\/images\/cuore.svg\" alt=\"NOTE DI CUORE\" \/><\/p>\n<h5>C\u0152UR<\/h5>\n<p>Jasmin, rose de Damas, \u00e9pices chaudes<\/p>\n<\/div>\n<div class=\"col-md-4\">\n<p><img decoding=\"async\" src=\"https:\/\/www.lpdo.it\/wp-content\/themes\/lpdo\/images\/fondo.svg\" alt=\"NOTE DI FONDO\" \/><\/p>\n<h5>FONDS<\/h5>\n<p>Vanille, f\u00e8ve tonka, bois de santal, bois de c\u00e8dre, accord de mousse de ch\u00eane, ambre<\/p>\n<\/div>\n<\/div>\n<\/div>","protected":false},"excerpt":{"rendered":"<p><span style=\"font-weight: 400;\">Mystique Love est une dose instantan\u00e9e d'amour mystique dans vos mains.<br \/>\n<\/span><span style=\"font-weight: 400;\">Cette composition pure et s\u00e9duisante s'ouvre sur des notes de t\u00eate d'orange douce, de bergamote et de poivre rose.<br \/>\n<\/span><span style=\"font-weight: 400;\">Le c\u0153ur, compos\u00e9 de rose et de jasmin, embrasse de sa richesse l'\u00e9l\u00e9gance enveloppante des \u00e9pices chaudes.<br \/>\n<\/span><span style=\"font-weight: 400;\">Tandis que le fond, harmonieux et enveloppant, devient l'ambassadeur de l'\u00e9quilibre parfait entre la vanille et la f\u00e8ve tonka, le bois de c\u00e8dre et le santal, l'ambre et l'accord mousse de ch\u00eane. <\/span><\/p>","protected":false},"featured_media":295301,"template":"","meta":[],"product_brand":[],"product_cat":[63],"product_tag":[],"class_list":{"0":"post-252830","1":"product","2":"type-product","3":"status-publish","4":"has-post-thumbnail","6":"product_cat-fragranze","8":"first","9":"instock","10":"shipping-taxable","11":"purchasable","12":"product-type-simple"},"_links":{"self":[{"href":"https:\/\/www.lpdo.it\/fr\/wp-json\/wp\/v2\/product\/252830","targetHints":{"allow":["GET"]}}],"collection":[{"href":"https:\/\/www.lpdo.it\/fr\/wp-json\/wp\/v2\/product"}],"about":[{"href":"https:\/\/www.lpdo.it\/fr\/wp-json\/wp\/v2\/types\/product"}],"wp:featuredmedia":[{"embeddable":true,"href":"https:\/\/www.lpdo.it\/fr\/wp-json\/wp\/v2\/media\/295301"}],"wp:attachment":[{"href":"https:\/\/www.lpdo.it\/fr\/wp-json\/wp\/v2\/media?parent=252830"}],"wp:term":[{"taxonomy":"product_brand","embeddable":true,"href":"https:\/\/www.lpdo.it\/fr\/wp-json\/wp\/v2\/product_brand?post=252830"},{"taxonomy":"product_cat","embeddable":true,"href":"https:\/\/www.lpdo.it\/fr\/wp-json\/wp\/v2\/product_cat?post=252830"},{"taxonomy":"product_tag","embeddable":true,"href":"https:\/\/www.lpdo.it\/fr\/wp-json\/wp\/v2\/product_tag?post=252830"}],"curies":[{"name":"wp","href":"https:\/\/api.w.org\/{rel}","templated":true}]}}