{"id":252840,"date":"2023-04-26T16:08:56","date_gmt":"2023-04-26T14:08:56","guid":{"rendered":"https:\/\/www.lpdo.it\/?post_type=product&#038;p=252840"},"modified":"2025-12-02T00:03:05","modified_gmt":"2025-12-01T23:03:05","slug":"excentum-100ml-edpi","status":"publish","type":"product","link":"https:\/\/www.lpdo.it\/fr\/p\/excentum-100ml-edpi\/","title":{"rendered":"EXCENTUM 100ML EDPI"},"content":{"rendered":"<div class=\"type-block\">\n<div class=\"row\">\n<div class=\"col-md-4\">\n<p><img decoding=\"async\" src=\"https:\/\/www.lpdo.it\/wp-content\/themes\/lpdo\/images\/testa.svg\" alt=\"Note di Testa\" \/><\/p>\n<h5>T\u00caTE<\/h5>\n<p>Agrumes, notes vertes<\/p>\n<\/div>\n<div class=\"col-md-4\">\n<p><img decoding=\"async\" src=\"https:\/\/www.lpdo.it\/wp-content\/themes\/lpdo\/images\/cuore.svg\" alt=\"NOTE DI CUORE\" \/><\/p>\n<h5>C\u0152UR<\/h5>\n<p>Jasmin, muguet, rose<\/p>\n<\/div>\n<div class=\"col-md-4\">\n<p><img decoding=\"async\" src=\"https:\/\/www.lpdo.it\/wp-content\/themes\/lpdo\/images\/fondo.svg\" alt=\"NOTE DI FONDO\" \/><\/p>\n<h5>FONDS<\/h5>\n<p>Accords Amber, Accords Woody<\/p>\n<\/div>\n<\/div>\n<\/div>","protected":false},"excerpt":{"rendered":"<p>Excentum, c'est une dose d'\u00e9l\u00e9gance insolente et sophistiqu\u00e9e entre vos mains.<br \/>\nLa composition riche et suave explose doucement et effront\u00e9ment avec ses notes vertes et d'agrumes.<br \/>\nLe c\u0153ur floral associe la d\u00e9licatesse raffin\u00e9e du muguet \u00e0 la richesse cors\u00e9e de la rose et du jasmin.<br \/>\nLa base sophistiqu\u00e9e et d\u00e9sarmante lie l'ambre enveloppant et les accords bois\u00e9s structur\u00e9s.<\/p>","protected":false},"featured_media":295295,"template":"","meta":[],"product_brand":[],"product_cat":[63],"product_tag":[],"class_list":{"0":"post-252840","1":"product","2":"type-product","3":"status-publish","4":"has-post-thumbnail","6":"product_cat-fragranze","8":"first","9":"instock","10":"shipping-taxable","11":"purchasable","12":"product-type-simple"},"_links":{"self":[{"href":"https:\/\/www.lpdo.it\/fr\/wp-json\/wp\/v2\/product\/252840","targetHints":{"allow":["GET"]}}],"collection":[{"href":"https:\/\/www.lpdo.it\/fr\/wp-json\/wp\/v2\/product"}],"about":[{"href":"https:\/\/www.lpdo.it\/fr\/wp-json\/wp\/v2\/types\/product"}],"wp:featuredmedia":[{"embeddable":true,"href":"https:\/\/www.lpdo.it\/fr\/wp-json\/wp\/v2\/media\/295295"}],"wp:attachment":[{"href":"https:\/\/www.lpdo.it\/fr\/wp-json\/wp\/v2\/media?parent=252840"}],"wp:term":[{"taxonomy":"product_brand","embeddable":true,"href":"https:\/\/www.lpdo.it\/fr\/wp-json\/wp\/v2\/product_brand?post=252840"},{"taxonomy":"product_cat","embeddable":true,"href":"https:\/\/www.lpdo.it\/fr\/wp-json\/wp\/v2\/product_cat?post=252840"},{"taxonomy":"product_tag","embeddable":true,"href":"https:\/\/www.lpdo.it\/fr\/wp-json\/wp\/v2\/product_tag?post=252840"}],"curies":[{"name":"wp","href":"https:\/\/api.w.org\/{rel}","templated":true}]}}