{"id":252844,"date":"2023-04-26T16:29:39","date_gmt":"2023-04-26T14:29:39","guid":{"rendered":"https:\/\/www.lpdo.it\/?post_type=product&#038;p=252844"},"modified":"2025-12-02T00:03:40","modified_gmt":"2025-12-01T23:03:40","slug":"vanitose-30ml-edpi","status":"publish","type":"product","link":"https:\/\/www.lpdo.it\/fr\/p\/vanitose-30ml-edpi\/","title":{"rendered":"VANITOSE 30ML EDPI"},"content":{"rendered":"<div class=\"type-block\">\n<div class=\"row\">\n<div class=\"col-md-4\">\n<p><img decoding=\"async\" src=\"https:\/\/www.lpdo.it\/wp-content\/themes\/lpdo\/images\/testa.svg\" alt=\"Note di Testa\" \/><\/p>\n<h5>T\u00caTE<\/h5>\n<p>Pomme, poire<\/p>\n<\/div>\n<div class=\"col-md-4\">\n<p><img decoding=\"async\" src=\"https:\/\/www.lpdo.it\/wp-content\/themes\/lpdo\/images\/cuore.svg\" alt=\"NOTE DI CUORE\" \/><\/p>\n<h5>C\u0152UR<\/h5>\n<p>Rose, safran, tabac<\/p>\n<\/div>\n<div class=\"col-md-4\">\n<p><img decoding=\"async\" src=\"https:\/\/www.lpdo.it\/wp-content\/themes\/lpdo\/images\/fondo.svg\" alt=\"NOTE DI FONDO\" \/><\/p>\n<h5>FONDS<\/h5>\n<p>Musc, vanille, ambre gris<\/p>\n<\/div>\n<\/div>\n<\/div>","protected":false},"excerpt":{"rendered":"<p>Vanitose, c'est une dose de sensualit\u00e9 passionn\u00e9e et pr\u00e9cieuse entre vos mains.<br \/>\nCette composition passionn\u00e9e et insouciante s\u00e9duit par ses notes de t\u00eate fruit\u00e9es de pomme et de poire.<br \/>\nLe c\u0153ur vif de rose, de safran et de tabac s'affiche avec suffisance dans toute sa pl\u00e9nitude.<br \/>\nTandis que le fond, passionn\u00e9 et gracieux, enivre avec ses notes de musc, de vanille et d'ambre gris.<\/p>","protected":false},"featured_media":295331,"template":"","meta":[],"product_brand":[],"product_cat":[63],"product_tag":[],"class_list":{"0":"post-252844","1":"product","2":"type-product","3":"status-publish","4":"has-post-thumbnail","6":"product_cat-fragranze","8":"first","9":"instock","10":"shipping-taxable","11":"purchasable","12":"product-type-simple"},"_links":{"self":[{"href":"https:\/\/www.lpdo.it\/fr\/wp-json\/wp\/v2\/product\/252844","targetHints":{"allow":["GET"]}}],"collection":[{"href":"https:\/\/www.lpdo.it\/fr\/wp-json\/wp\/v2\/product"}],"about":[{"href":"https:\/\/www.lpdo.it\/fr\/wp-json\/wp\/v2\/types\/product"}],"wp:featuredmedia":[{"embeddable":true,"href":"https:\/\/www.lpdo.it\/fr\/wp-json\/wp\/v2\/media\/295331"}],"wp:attachment":[{"href":"https:\/\/www.lpdo.it\/fr\/wp-json\/wp\/v2\/media?parent=252844"}],"wp:term":[{"taxonomy":"product_brand","embeddable":true,"href":"https:\/\/www.lpdo.it\/fr\/wp-json\/wp\/v2\/product_brand?post=252844"},{"taxonomy":"product_cat","embeddable":true,"href":"https:\/\/www.lpdo.it\/fr\/wp-json\/wp\/v2\/product_cat?post=252844"},{"taxonomy":"product_tag","embeddable":true,"href":"https:\/\/www.lpdo.it\/fr\/wp-json\/wp\/v2\/product_tag?post=252844"}],"curies":[{"name":"wp","href":"https:\/\/api.w.org\/{rel}","templated":true}]}}