{"id":301968,"date":"2024-03-13T12:37:46","date_gmt":"2024-03-13T11:37:46","guid":{"rendered":"https:\/\/www.lpdo.it\/?post_type=product&#038;p=301968"},"modified":"2025-12-02T00:03:40","modified_gmt":"2025-12-01T23:03:40","slug":"cherry-seduction-30ml-edpi","status":"publish","type":"product","link":"https:\/\/www.lpdo.it\/fr\/p\/cherry-seduction-30ml-edpi\/","title":{"rendered":"S\u00c9DUCTION \u00c0 LA CERISE 30ML EDPI"},"content":{"rendered":"<div class=\"type-block\">\n<div class=\"row\">\n<div class=\"col-md-4\">\n<p><img decoding=\"async\" src=\"https:\/\/www.lpdo.it\/wp-content\/themes\/lpdo\/images\/testa.svg\" alt=\"Note di Testa\" \/><\/p>\n<h5>T\u00caTE<\/h5>\n<p>Amarena, Amande am\u00e8re, Liqueur<\/p>\n<\/div>\n<div class=\"col-md-4\">\n<p><img decoding=\"async\" src=\"https:\/\/www.lpdo.it\/wp-content\/themes\/lpdo\/images\/cuore.svg\" alt=\"NOTE DI CUORE\" \/><\/p>\n<h5>C\u0152UR<\/h5>\n<p>Cerise noire, prune, rose turque, jasmin sambac<\/p>\n<\/div>\n<div class=\"col-md-4\">\n<p><img decoding=\"async\" src=\"https:\/\/www.lpdo.it\/wp-content\/themes\/lpdo\/images\/fondo.svg\" alt=\"NOTE DI FONDO\" \/><\/p>\n<h5>FONDS<\/h5>\n<p>F\u00e8ve tonka, baume du P\u00e9rou, bois de c\u00e8dre, v\u00e9tiver, patchouli<\/p>\n<\/div>\n<\/div>\n<\/div>","protected":false},"excerpt":{"rendered":"<p>Cherry Seduction, c'est l'\u00e9lan d'une rencontre sinc\u00e8re avec la s\u00e9duction, sublim\u00e9e par un d\u00e9licieux baiser dans lequel se perdre et s'abandonner.<br \/>\nLa composition d\u00e9cisive et espi\u00e8gle submerge avec ses notes de t\u00eate intenses de cerise noire, d'amande am\u00e8re et de liqueur.<br \/>\nLe c\u0153ur, sensuel et riche, s\u00e9duit par ses notes fruit\u00e9es et florales de cerise noire et de prune, de rose turque et de jasmin sambac.<br \/>\nLe fond irr\u00e9sistible et velout\u00e9 s\u00e9duit par ses notes de f\u00e8ve tonka et de baume du P\u00e9rou, de bois de c\u00e8dre, de patchouli et de v\u00e9tiver.<\/p>","protected":false},"featured_media":301959,"template":"","meta":[],"product_brand":[],"product_cat":[63],"product_tag":[],"class_list":{"0":"post-301968","1":"product","2":"type-product","3":"status-publish","4":"has-post-thumbnail","6":"product_cat-fragranze","8":"first","9":"instock","10":"shipping-taxable","11":"purchasable","12":"product-type-simple"},"_links":{"self":[{"href":"https:\/\/www.lpdo.it\/fr\/wp-json\/wp\/v2\/product\/301968","targetHints":{"allow":["GET"]}}],"collection":[{"href":"https:\/\/www.lpdo.it\/fr\/wp-json\/wp\/v2\/product"}],"about":[{"href":"https:\/\/www.lpdo.it\/fr\/wp-json\/wp\/v2\/types\/product"}],"wp:featuredmedia":[{"embeddable":true,"href":"https:\/\/www.lpdo.it\/fr\/wp-json\/wp\/v2\/media\/301959"}],"wp:attachment":[{"href":"https:\/\/www.lpdo.it\/fr\/wp-json\/wp\/v2\/media?parent=301968"}],"wp:term":[{"taxonomy":"product_brand","embeddable":true,"href":"https:\/\/www.lpdo.it\/fr\/wp-json\/wp\/v2\/product_brand?post=301968"},{"taxonomy":"product_cat","embeddable":true,"href":"https:\/\/www.lpdo.it\/fr\/wp-json\/wp\/v2\/product_cat?post=301968"},{"taxonomy":"product_tag","embeddable":true,"href":"https:\/\/www.lpdo.it\/fr\/wp-json\/wp\/v2\/product_tag?post=301968"}],"curies":[{"name":"wp","href":"https:\/\/api.w.org\/{rel}","templated":true}]}}