{"id":402791,"date":"2025-02-21T02:22:58","date_gmt":"2025-02-21T01:22:58","guid":{"rendered":"https:\/\/www.lpdo.it\/?post_type=product&#038;p=402791"},"modified":"2025-12-02T00:03:04","modified_gmt":"2025-12-01T23:03:04","slug":"pistachio-bon-bon-100ml-edpi","status":"publish","type":"product","link":"https:\/\/www.lpdo.it\/fr\/p\/pistachio-bon-bon-100ml-edpi\/","title":{"rendered":"BONBON \u00c0 LA PISTACHE 100ML EDPI"},"content":{"rendered":"<div class=\"type-block\">\n<div class=\"row\">\n<div class=\"col-md-4\">\n<p><img decoding=\"async\" src=\"https:\/\/www.lpdo.it\/wp-content\/themes\/lpdo\/images\/testa.svg\" alt=\"Note di Testa\" \/><\/p>\n<h5>T\u00caTE<\/h5>\n<p>Bergamote, pistache, p\u00eache, cardamome, framboise<\/p>\n<\/div>\n<div class=\"col-md-4\">\n<p><img decoding=\"async\" src=\"https:\/\/www.lpdo.it\/wp-content\/themes\/lpdo\/images\/cuore.svg\" alt=\"NOTE DI CUORE\" \/><\/p>\n<h5>C\u0152UR<\/h5>\n<p>Fleurs blanches, H\u00e9liotrope, Muguet, Violette, G\u00e9ranium<\/p>\n<\/div>\n<div class=\"col-md-4\">\n<p><img decoding=\"async\" src=\"https:\/\/www.lpdo.it\/wp-content\/themes\/lpdo\/images\/fondo.svg\" alt=\"NOTE DI FONDO\" \/><\/p>\n<h5>FONDS<\/h5>\n<p>Cr\u00e8me fouett\u00e9e, vanille, caramel, f\u00e8ve tonka, bois de santal<\/p>\n<\/div>\n<\/div>\n<\/div>","protected":false},"excerpt":{"rendered":"<p>Un parfum gourmand, cr\u00e9\u00e9 pour ravir avec son sillage irr\u00e9sistible de pistache gourmande, intense et cr\u00e9meuse.<br \/>\nLa composition, douce et vive, s\u00e9duit par ses notes de t\u00eate de pistache, bergamote, p\u00eache, framboise et cardamome. Le c\u0153ur, d\u00e9licat et gracieux, envo\u00fbte par ses notes de fleurs blanches, h\u00e9liotrope, muguet, violette et g\u00e9ranium. Le fond, frais et cr\u00e9meux, ravit par ses notes de cr\u00e8me fouett\u00e9e, de vanille, de caramel, de f\u00e8ve tonka et de bois de santal.<\/p>","protected":false},"featured_media":402797,"template":"","meta":[],"product_brand":[],"product_cat":[63],"product_tag":[],"class_list":{"0":"post-402791","1":"product","2":"type-product","3":"status-publish","4":"has-post-thumbnail","6":"product_cat-fragranze","8":"first","9":"instock","10":"shipping-taxable","11":"purchasable","12":"product-type-simple"},"_links":{"self":[{"href":"https:\/\/www.lpdo.it\/fr\/wp-json\/wp\/v2\/product\/402791","targetHints":{"allow":["GET"]}}],"collection":[{"href":"https:\/\/www.lpdo.it\/fr\/wp-json\/wp\/v2\/product"}],"about":[{"href":"https:\/\/www.lpdo.it\/fr\/wp-json\/wp\/v2\/types\/product"}],"wp:featuredmedia":[{"embeddable":true,"href":"https:\/\/www.lpdo.it\/fr\/wp-json\/wp\/v2\/media\/402797"}],"wp:attachment":[{"href":"https:\/\/www.lpdo.it\/fr\/wp-json\/wp\/v2\/media?parent=402791"}],"wp:term":[{"taxonomy":"product_brand","embeddable":true,"href":"https:\/\/www.lpdo.it\/fr\/wp-json\/wp\/v2\/product_brand?post=402791"},{"taxonomy":"product_cat","embeddable":true,"href":"https:\/\/www.lpdo.it\/fr\/wp-json\/wp\/v2\/product_cat?post=402791"},{"taxonomy":"product_tag","embeddable":true,"href":"https:\/\/www.lpdo.it\/fr\/wp-json\/wp\/v2\/product_tag?post=402791"}],"curies":[{"name":"wp","href":"https:\/\/api.w.org\/{rel}","templated":true}]}}