{"id":437250,"date":"2025-06-23T09:11:15","date_gmt":"2025-06-23T07:11:15","guid":{"rendered":"https:\/\/www.lpdo.it\/?post_type=product&#038;p=437250"},"modified":"2025-12-02T00:04:18","modified_gmt":"2025-12-01T23:04:18","slug":"choco-brownie-250ml","status":"publish","type":"product","link":"https:\/\/www.lpdo.it\/fr\/p\/choco-brownie-250ml\/","title":{"rendered":"CHOCO BROWNIE 250ML"},"content":{"rendered":"<div class=\"type-block\">\n<div class=\"row\">\n<div class=\"col-md-4\">\n<p><img decoding=\"async\" src=\"https:\/\/www.lpdo.it\/wp-content\/themes\/lpdo\/images\/testa.svg\" alt=\"Note di Testa\" \/><\/p>\n<h5>T\u00caTE<\/h5>\n<p>Orange am\u00e8re<\/p>\n<\/div>\n<div class=\"col-md-4\">\n<p><img decoding=\"async\" src=\"https:\/\/www.lpdo.it\/wp-content\/themes\/lpdo\/images\/cuore.svg\" alt=\"NOTE DI CUORE\" \/><\/p>\n<h5>C\u0152UR<\/h5>\n<p>Cacao, fruits secs<\/p>\n<\/div>\n<div class=\"col-md-4\">\n<p><img decoding=\"async\" src=\"https:\/\/www.lpdo.it\/wp-content\/themes\/lpdo\/images\/fondo.svg\" alt=\"NOTE DI FONDO\" \/><\/p>\n<h5>FONDS<\/h5>\n<p>F\u00e8ve de Tonka, Caf\u00e9, Vanille<\/p>\n<\/div>\n<\/div>\n<\/div>","protected":false},"excerpt":{"rendered":"<p>Imaginez une montagne de chocolat pur et de noix croquantes s'unissant dans une \u00e9treinte qui vous met l'eau \u00e0 la bouche.<br \/>\nC'est un Brownie, notre spray corporel Choco Brownie !<br \/>\nUne composition indulgente avec des notes de t\u00eate d'orange am\u00e8re, un c\u0153ur intense de cacao associ\u00e9 \u00e0 des fruits secs et une base aromatique de f\u00e8ve tonka, de vanille et de caf\u00e9.<\/p>","protected":false},"featured_media":437240,"template":"","meta":[],"product_brand":[],"product_cat":[84],"product_tag":[],"class_list":{"0":"post-437250","1":"product","2":"type-product","3":"status-publish","4":"has-post-thumbnail","6":"product_cat-body-spray","8":"first","9":"instock","10":"shipping-taxable","11":"purchasable","12":"product-type-simple"},"_links":{"self":[{"href":"https:\/\/www.lpdo.it\/fr\/wp-json\/wp\/v2\/product\/437250","targetHints":{"allow":["GET"]}}],"collection":[{"href":"https:\/\/www.lpdo.it\/fr\/wp-json\/wp\/v2\/product"}],"about":[{"href":"https:\/\/www.lpdo.it\/fr\/wp-json\/wp\/v2\/types\/product"}],"wp:featuredmedia":[{"embeddable":true,"href":"https:\/\/www.lpdo.it\/fr\/wp-json\/wp\/v2\/media\/437240"}],"wp:attachment":[{"href":"https:\/\/www.lpdo.it\/fr\/wp-json\/wp\/v2\/media?parent=437250"}],"wp:term":[{"taxonomy":"product_brand","embeddable":true,"href":"https:\/\/www.lpdo.it\/fr\/wp-json\/wp\/v2\/product_brand?post=437250"},{"taxonomy":"product_cat","embeddable":true,"href":"https:\/\/www.lpdo.it\/fr\/wp-json\/wp\/v2\/product_cat?post=437250"},{"taxonomy":"product_tag","embeddable":true,"href":"https:\/\/www.lpdo.it\/fr\/wp-json\/wp\/v2\/product_tag?post=437250"}],"curies":[{"name":"wp","href":"https:\/\/api.w.org\/{rel}","templated":true}]}}