{"id":437251,"date":"2025-06-23T09:11:14","date_gmt":"2025-06-23T07:11:14","guid":{"rendered":"https:\/\/www.lpdo.it\/?post_type=product&#038;p=437251"},"modified":"2025-12-02T00:04:19","modified_gmt":"2025-12-01T23:04:19","slug":"cotton-candy-250ml","status":"publish","type":"product","link":"https:\/\/www.lpdo.it\/fr\/p\/cotton-candy-250ml\/","title":{"rendered":"BARBE \u00c0 PAPA 250ML"},"content":{"rendered":"<div class=\"type-block\">\n<div class=\"row\">\n<div class=\"col-md-4\">\n<p><img decoding=\"async\" src=\"https:\/\/www.lpdo.it\/wp-content\/themes\/lpdo\/images\/testa.svg\" alt=\"Note di Testa\" \/><\/p>\n<h5>T\u00caTE<\/h5>\n<p>Orange douce, bergamote, feuille de figuier<\/p>\n<\/div>\n<div class=\"col-md-4\">\n<p><img decoding=\"async\" src=\"https:\/\/www.lpdo.it\/wp-content\/themes\/lpdo\/images\/cuore.svg\" alt=\"NOTE DI CUORE\" \/><\/p>\n<h5>C\u0152UR<\/h5>\n<p>Fraise, muguet, r\u00e9glisse, barbe \u00e0 papa<\/p>\n<\/div>\n<div class=\"col-md-4\">\n<p><img decoding=\"async\" src=\"https:\/\/www.lpdo.it\/wp-content\/themes\/lpdo\/images\/fondo.svg\" alt=\"NOTE DI FONDO\" \/><\/p>\n<h5>FONDS<\/h5>\n<p>Caramel, Vanille, Musc blanc, F\u00e8ve Tonka<\/p>\n<\/div>\n<\/div>\n<\/div>","protected":false},"excerpt":{"rendered":"<p>Imaginez un nuage de barbe \u00e0 papa qui, en plus, a le go\u00fbt irr\u00e9sistible des fraises caram\u00e9lis\u00e9es.<br \/>\nLa nostalgie m'emporte, avec notre spray corporel Cotton Candy !<br \/>\nUne composition sucr\u00e9e avec des notes de t\u00eate d'orange douce et de feuille de figuier, un c\u0153ur juteux de fraise et de barbe \u00e0 papa, une base cr\u00e9meuse de caramel et de f\u00e8ve tonka.<\/p>","protected":false},"featured_media":449460,"template":"","meta":[],"product_brand":[],"product_cat":[84],"product_tag":[],"class_list":{"0":"post-437251","1":"product","2":"type-product","3":"status-publish","4":"has-post-thumbnail","6":"product_cat-body-spray","8":"first","9":"instock","10":"shipping-taxable","11":"purchasable","12":"product-type-simple"},"_links":{"self":[{"href":"https:\/\/www.lpdo.it\/fr\/wp-json\/wp\/v2\/product\/437251","targetHints":{"allow":["GET"]}}],"collection":[{"href":"https:\/\/www.lpdo.it\/fr\/wp-json\/wp\/v2\/product"}],"about":[{"href":"https:\/\/www.lpdo.it\/fr\/wp-json\/wp\/v2\/types\/product"}],"wp:featuredmedia":[{"embeddable":true,"href":"https:\/\/www.lpdo.it\/fr\/wp-json\/wp\/v2\/media\/449460"}],"wp:attachment":[{"href":"https:\/\/www.lpdo.it\/fr\/wp-json\/wp\/v2\/media?parent=437251"}],"wp:term":[{"taxonomy":"product_brand","embeddable":true,"href":"https:\/\/www.lpdo.it\/fr\/wp-json\/wp\/v2\/product_brand?post=437251"},{"taxonomy":"product_cat","embeddable":true,"href":"https:\/\/www.lpdo.it\/fr\/wp-json\/wp\/v2\/product_cat?post=437251"},{"taxonomy":"product_tag","embeddable":true,"href":"https:\/\/www.lpdo.it\/fr\/wp-json\/wp\/v2\/product_tag?post=437251"}],"curies":[{"name":"wp","href":"https:\/\/api.w.org\/{rel}","templated":true}]}}