{"id":437572,"date":"2025-06-23T09:11:14","date_gmt":"2025-06-23T07:11:14","guid":{"rendered":"https:\/\/www.lpdo.it\/?post_type=product&#038;p=437572"},"modified":"2025-12-02T00:04:20","modified_gmt":"2025-12-01T23:04:20","slug":"cocco-cream-250ml","status":"publish","type":"product","link":"https:\/\/www.lpdo.it\/fr\/p\/cocco-cream-250ml\/","title":{"rendered":"CR\u00c8ME DE COCO 250ML"},"content":{"rendered":"<div class=\"type-block\">\n<div class=\"row\">\n<div class=\"col-md-4\">\n<p><img decoding=\"async\" src=\"https:\/\/www.lpdo.it\/wp-content\/themes\/lpdo\/images\/testa.svg\" alt=\"Note di Testa\" \/><\/p>\n<h5>T\u00caTE<\/h5>\n<p>Noix de coco, notes ensoleill\u00e9es, p\u00eache<\/p>\n<\/div>\n<div class=\"col-md-4\">\n<p><img decoding=\"async\" src=\"https:\/\/www.lpdo.it\/wp-content\/themes\/lpdo\/images\/cuore.svg\" alt=\"NOTE DI CUORE\" \/><\/p>\n<h5>C\u0152UR<\/h5>\n<p>Fleurs blanches, muguet, h\u00e9liotrope<\/p>\n<\/div>\n<div class=\"col-md-4\">\n<p><img decoding=\"async\" src=\"https:\/\/www.lpdo.it\/wp-content\/themes\/lpdo\/images\/fondo.svg\" alt=\"NOTE DI FONDO\" \/><\/p>\n<h5>FONDS<\/h5>\n<p>Vanille, Musc blanc, Caramel, F\u00e8ve Tonka<\/p>\n<\/div>\n<\/div>\n<\/div>","protected":false},"excerpt":{"rendered":"<p>Imaginez un pralin\u00e9 \u00e0 la noix de coco cr\u00e9meux qui plonge litt\u00e9ralement dans une mer de vanille app\u00e9tissante !<br \/>\nC'est un doux r\u00eave tropical, mais c'est aussi le cas de notre spray corporel Cr\u00e8me de coco !<br \/>\nUne composition super exotique avec une t\u00eate de noix de coco et des notes ensoleill\u00e9es, un c\u0153ur floral d\u00e9licat de muguet et d'h\u00e9liotrope, un fond envo\u00fbtant de vanille, de caramel et de f\u00e8ve tonka.<\/p>","protected":false},"featured_media":437574,"template":"","meta":[],"product_brand":[],"product_cat":[84],"product_tag":[],"class_list":{"0":"post-437572","1":"product","2":"type-product","3":"status-publish","4":"has-post-thumbnail","6":"product_cat-body-spray","8":"first","9":"instock","10":"shipping-taxable","11":"purchasable","12":"product-type-simple"},"_links":{"self":[{"href":"https:\/\/www.lpdo.it\/fr\/wp-json\/wp\/v2\/product\/437572","targetHints":{"allow":["GET"]}}],"collection":[{"href":"https:\/\/www.lpdo.it\/fr\/wp-json\/wp\/v2\/product"}],"about":[{"href":"https:\/\/www.lpdo.it\/fr\/wp-json\/wp\/v2\/types\/product"}],"wp:featuredmedia":[{"embeddable":true,"href":"https:\/\/www.lpdo.it\/fr\/wp-json\/wp\/v2\/media\/437574"}],"wp:attachment":[{"href":"https:\/\/www.lpdo.it\/fr\/wp-json\/wp\/v2\/media?parent=437572"}],"wp:term":[{"taxonomy":"product_brand","embeddable":true,"href":"https:\/\/www.lpdo.it\/fr\/wp-json\/wp\/v2\/product_brand?post=437572"},{"taxonomy":"product_cat","embeddable":true,"href":"https:\/\/www.lpdo.it\/fr\/wp-json\/wp\/v2\/product_cat?post=437572"},{"taxonomy":"product_tag","embeddable":true,"href":"https:\/\/www.lpdo.it\/fr\/wp-json\/wp\/v2\/product_tag?post=437572"}],"curies":[{"name":"wp","href":"https:\/\/api.w.org\/{rel}","templated":true}]}}