{"id":511146,"date":"2026-03-06T12:32:07","date_gmt":"2026-03-06T11:32:07","guid":{"rendered":"https:\/\/www.lpdo.it\/?post_type=product&#038;p=511146"},"modified":"2026-03-06T12:32:07","modified_gmt":"2026-03-06T11:32:07","slug":"nana-vice-100ml-edpi","status":"publish","type":"product","link":"https:\/\/www.lpdo.it\/fr\/p\/nana-vice-100ml-edpi\/","title":{"rendered":"NANA VICE 100ML EDPI"},"content":{"rendered":"<div class=\"type-block\">\n<div class=\"row\">\n<div class=\"col-md-4\">\n<p><img decoding=\"async\" src=\"https:\/\/www.lpdo.it\/wp-content\/themes\/lpdo\/images\/testa.svg\" alt=\"Note di Testa\" \/><\/p>\n<h5>T\u00caTE<\/h5>\n<p>Caf\u00e9, Amande, Muscade, Cannelle<\/p>\n<\/div>\n<div class=\"col-md-4\">\n<p><img decoding=\"async\" src=\"https:\/\/www.lpdo.it\/wp-content\/themes\/lpdo\/images\/cuore.svg\" alt=\"NOTE DI CUORE\" \/><\/p>\n<h5>C\u0152UR<\/h5>\n<p>Banane, Vanille, F\u00e8ve Tonka, Caramel<\/p>\n<\/div>\n<div class=\"col-md-4\">\n<p><img decoding=\"async\" src=\"https:\/\/www.lpdo.it\/wp-content\/themes\/lpdo\/images\/fondo.svg\" alt=\"NOTE DI FONDO\" \/><\/p>\n<h5>FONDS<\/h5>\n<p>Patchouli, Bois de Cachemire, Ambre Gris, Huile de Cypriol, Musc<\/p>\n<\/div>\n<\/div>\n<\/div>","protected":false},"excerpt":{"rendered":"<p>Nana Vice est une fragrance audacieuse et enveloppante, cr\u00e9\u00e9e pour surprendre par son caract\u00e8re fruit\u00e9 et aromatique, intense et contemporain.<br \/>\nLa composition s'ouvre sur des notes aromatiques et \u00e9pic\u00e9es de caf\u00e9 et d'amande, r\u00e9chauff\u00e9es par la muscade et la cannelle, offrant un d\u00e9part affirm\u00e9 et intrigant.<br \/>\nLe c\u0153ur, cr\u00e9meux et fruit\u00e9, r\u00e9v\u00e8le un accord inattendu de banane, vanille, f\u00e8ve tonka et caramel, cr\u00e9ant un sillage doux et magn\u00e9tique.<br \/>\nLe fond, profond et structur\u00e9, enveloppe de patchouli, bois de cachemire, ambre gris, huile de cypriol et musc, apportant caract\u00e8re et persistance.<\/p>","protected":false},"featured_media":511147,"template":"","meta":[],"product_brand":[],"product_cat":[63],"product_tag":[],"class_list":{"0":"post-511146","1":"product","2":"type-product","3":"status-publish","4":"has-post-thumbnail","6":"product_cat-fragranze","8":"first","9":"instock","10":"shipping-taxable","11":"purchasable","12":"product-type-simple"},"_links":{"self":[{"href":"https:\/\/www.lpdo.it\/fr\/wp-json\/wp\/v2\/product\/511146","targetHints":{"allow":["GET"]}}],"collection":[{"href":"https:\/\/www.lpdo.it\/fr\/wp-json\/wp\/v2\/product"}],"about":[{"href":"https:\/\/www.lpdo.it\/fr\/wp-json\/wp\/v2\/types\/product"}],"wp:featuredmedia":[{"embeddable":true,"href":"https:\/\/www.lpdo.it\/fr\/wp-json\/wp\/v2\/media\/511147"}],"wp:attachment":[{"href":"https:\/\/www.lpdo.it\/fr\/wp-json\/wp\/v2\/media?parent=511146"}],"wp:term":[{"taxonomy":"product_brand","embeddable":true,"href":"https:\/\/www.lpdo.it\/fr\/wp-json\/wp\/v2\/product_brand?post=511146"},{"taxonomy":"product_cat","embeddable":true,"href":"https:\/\/www.lpdo.it\/fr\/wp-json\/wp\/v2\/product_cat?post=511146"},{"taxonomy":"product_tag","embeddable":true,"href":"https:\/\/www.lpdo.it\/fr\/wp-json\/wp\/v2\/product_tag?post=511146"}],"curies":[{"name":"wp","href":"https:\/\/api.w.org\/{rel}","templated":true}]}}