{"id":511156,"date":"2026-03-06T12:32:08","date_gmt":"2026-03-06T11:32:08","guid":{"rendered":"https:\/\/www.lpdo.it\/?post_type=product&#038;p=511156"},"modified":"2026-03-06T12:32:08","modified_gmt":"2026-03-06T11:32:08","slug":"vanilla-tonic-30ml-edpi","status":"publish","type":"product","link":"https:\/\/www.lpdo.it\/fr\/p\/vanilla-tonic-30ml-edpi\/","title":{"rendered":"VANILLA TONIC 30ML EDPI"},"content":{"rendered":"<div class=\"type-block\">\n<div class=\"row\">\n<div class=\"col-md-4\">\n<p><img decoding=\"async\" src=\"https:\/\/www.lpdo.it\/wp-content\/themes\/lpdo\/images\/testa.svg\" alt=\"Note di Testa\" \/><\/p>\n<h5>T\u00caTE<\/h5>\n<p>Caramel, Coco<\/p>\n<\/div>\n<div class=\"col-md-4\">\n<p><img decoding=\"async\" src=\"https:\/\/www.lpdo.it\/wp-content\/themes\/lpdo\/images\/cuore.svg\" alt=\"NOTE DI CUORE\" \/><\/p>\n<h5>C\u0152UR<\/h5>\n<p>Lilas, Ambre<\/p>\n<\/div>\n<div class=\"col-md-4\">\n<p><img decoding=\"async\" src=\"https:\/\/www.lpdo.it\/wp-content\/themes\/lpdo\/images\/fondo.svg\" alt=\"NOTE DI FONDO\" \/><\/p>\n<h5>FONDS<\/h5>\n<p>Vanille, Notes Marines<\/p>\n<\/div>\n<\/div>\n<\/div>","protected":false},"excerpt":{"rendered":"<p>Vanilla Tonic est une fragrance lumineuse et enveloppante, cr\u00e9\u00e9e pour r\u00e9interpr\u00e9ter la vanille de mani\u00e8re moderne, fra\u00eeche et sophistiqu\u00e9e.<br \/>\nLa composition s'ouvre sur des notes gourmandes de caramel et de coco, apportant une douceur cr\u00e9meuse et d\u00e9licate.<br \/>\nLe c\u0153ur, floral et ambr\u00e9, r\u00e9v\u00e8le l'\u00e9l\u00e9gance du lilas associ\u00e9e \u00e0 la chaleur de l'ambre, cr\u00e9ant un \u00e9quilibre raffin\u00e9 et enveloppant.<br \/>\nLe fond surprend par un contraste contemporain : la vanille s'entrelace \u00e0 des notes marines, donnant naissance \u00e0 un sillage gourmand, frais et vibrant.<\/p>","protected":false},"featured_media":511157,"template":"","meta":[],"product_brand":[],"product_cat":[63],"product_tag":[],"class_list":{"0":"post-511156","1":"product","2":"type-product","3":"status-publish","4":"has-post-thumbnail","6":"product_cat-fragranze","8":"first","9":"instock","10":"shipping-taxable","11":"purchasable","12":"product-type-simple"},"_links":{"self":[{"href":"https:\/\/www.lpdo.it\/fr\/wp-json\/wp\/v2\/product\/511156","targetHints":{"allow":["GET"]}}],"collection":[{"href":"https:\/\/www.lpdo.it\/fr\/wp-json\/wp\/v2\/product"}],"about":[{"href":"https:\/\/www.lpdo.it\/fr\/wp-json\/wp\/v2\/types\/product"}],"wp:featuredmedia":[{"embeddable":true,"href":"https:\/\/www.lpdo.it\/fr\/wp-json\/wp\/v2\/media\/511157"}],"wp:attachment":[{"href":"https:\/\/www.lpdo.it\/fr\/wp-json\/wp\/v2\/media?parent=511156"}],"wp:term":[{"taxonomy":"product_brand","embeddable":true,"href":"https:\/\/www.lpdo.it\/fr\/wp-json\/wp\/v2\/product_brand?post=511156"},{"taxonomy":"product_cat","embeddable":true,"href":"https:\/\/www.lpdo.it\/fr\/wp-json\/wp\/v2\/product_cat?post=511156"},{"taxonomy":"product_tag","embeddable":true,"href":"https:\/\/www.lpdo.it\/fr\/wp-json\/wp\/v2\/product_tag?post=511156"}],"curies":[{"name":"wp","href":"https:\/\/api.w.org\/{rel}","templated":true}]}}