{"id":511158,"date":"2026-03-06T12:32:08","date_gmt":"2026-03-06T11:32:08","guid":{"rendered":"https:\/\/www.lpdo.it\/?post_type=product&#038;p=511158"},"modified":"2026-03-06T12:32:08","modified_gmt":"2026-03-06T11:32:08","slug":"tuberosa-nova-30ml-edpi","status":"publish","type":"product","link":"https:\/\/www.lpdo.it\/fr\/p\/tuberosa-nova-30ml-edpi\/","title":{"rendered":"TUBEROSA NOVA 30ML EDPI"},"content":{"rendered":"<div class=\"type-block\">\n<div class=\"row\">\n<div class=\"col-md-4\">\n<p><img decoding=\"async\" src=\"https:\/\/www.lpdo.it\/wp-content\/themes\/lpdo\/images\/testa.svg\" alt=\"Note di Testa\" \/><\/p>\n<h5>T\u00caTE<\/h5>\n<p>Cannelle, Mandarine, Osmanthus<\/p>\n<\/div>\n<div class=\"col-md-4\">\n<p><img decoding=\"async\" src=\"https:\/\/www.lpdo.it\/wp-content\/themes\/lpdo\/images\/cuore.svg\" alt=\"NOTE DI CUORE\" \/><\/p>\n<h5>C\u0152UR<\/h5>\n<p>Tub\u00e9reuse, Fleurs d'Oranger, Ylang-Ylang<\/p>\n<\/div>\n<div class=\"col-md-4\">\n<p><img decoding=\"async\" src=\"https:\/\/www.lpdo.it\/wp-content\/themes\/lpdo\/images\/fondo.svg\" alt=\"NOTE DI FONDO\" \/><\/p>\n<h5>FONDS<\/h5>\n<p>Musc, Vanille, Bois de Santal<\/p>\n<\/div>\n<\/div>\n<\/div>","protected":false},"excerpt":{"rendered":"<p>Tuberosa Nova est une fragrance florale, cr\u00e9\u00e9e pour exprimer une sensualit\u00e9 lumineuse, moderne et enveloppante.<br \/>\nLa composition s'ouvre sur un accord \u00e9pic\u00e9 et cr\u00e9meux de cannelle, mandarine et osmanthus, introduisant un sillage chaud et raffin\u00e9.<br \/>\nLe c\u0153ur floral, intense et hypnotique, c\u00e9l\u00e8bre la tub\u00e9reuse associ\u00e9e aux fleurs d'oranger et \u00e0 l'ylang-ylang, sublimant sa richesse et sa sensualit\u00e9.<br \/>\nLe fond, doux et enveloppant, associe musc, vanille et bois de santal, laissant un sillage \u00e9l\u00e9gant et velout\u00e9.<\/p>","protected":false},"featured_media":511159,"template":"","meta":[],"product_brand":[],"product_cat":[63],"product_tag":[],"class_list":{"0":"post-511158","1":"product","2":"type-product","3":"status-publish","4":"has-post-thumbnail","6":"product_cat-fragranze","8":"first","9":"instock","10":"shipping-taxable","11":"purchasable","12":"product-type-simple"},"_links":{"self":[{"href":"https:\/\/www.lpdo.it\/fr\/wp-json\/wp\/v2\/product\/511158","targetHints":{"allow":["GET"]}}],"collection":[{"href":"https:\/\/www.lpdo.it\/fr\/wp-json\/wp\/v2\/product"}],"about":[{"href":"https:\/\/www.lpdo.it\/fr\/wp-json\/wp\/v2\/types\/product"}],"wp:featuredmedia":[{"embeddable":true,"href":"https:\/\/www.lpdo.it\/fr\/wp-json\/wp\/v2\/media\/511159"}],"wp:attachment":[{"href":"https:\/\/www.lpdo.it\/fr\/wp-json\/wp\/v2\/media?parent=511158"}],"wp:term":[{"taxonomy":"product_brand","embeddable":true,"href":"https:\/\/www.lpdo.it\/fr\/wp-json\/wp\/v2\/product_brand?post=511158"},{"taxonomy":"product_cat","embeddable":true,"href":"https:\/\/www.lpdo.it\/fr\/wp-json\/wp\/v2\/product_cat?post=511158"},{"taxonomy":"product_tag","embeddable":true,"href":"https:\/\/www.lpdo.it\/fr\/wp-json\/wp\/v2\/product_tag?post=511158"}],"curies":[{"name":"wp","href":"https:\/\/api.w.org\/{rel}","templated":true}]}}