{"id":511211,"date":"2026-03-06T12:32:08","date_gmt":"2026-03-06T11:32:08","guid":{"rendered":"https:\/\/www.lpdo.it\/?post_type=product&#038;p=511211"},"modified":"2026-04-21T14:48:33","modified_gmt":"2026-04-21T12:48:33","slug":"mini-set-completo-nuove-fragranze-lpdo-2026","status":"publish","type":"product","link":"https:\/\/www.lpdo.it\/fr\/p\/mini-set-completo-nuove-fragranze-lpdo-2026\/","title":{"rendered":"MINI SET COMPLET NOUVELLES FRAGRANCES LPDO 2026"},"content":{"rendered":"","protected":false},"excerpt":{"rendered":"<p>Achetez le Mini Set des nouvelles fragrances LPDO 2026 avec livraison gratuite.<\/p>\n<p>\u00c0 l'int\u00e9rieur, vous trouverez 4 \u00e9chantillons de 2 ml de Nana Vice, Vanilla Tonic, Tuberosa Nova et Oud Samba.<\/p>\n<p>Avec le set d'\u00e9chantillons, vous recevrez un bon de r\u00e9duction de 20 % valable sur votre prochain achat.<\/p>\n<p>Code de r\u00e9duction valable pour un montant minimum d'achat de 25 \u20ac.<\/p>","protected":false},"featured_media":511465,"template":"","meta":[],"product_brand":[],"product_cat":[64],"product_tag":[],"class_list":{"0":"post-511211","1":"product","2":"type-product","3":"status-publish","4":"has-post-thumbnail","6":"product_cat-sample-set","7":"product_shipping_class-samples-set","9":"first","10":"instock","11":"shipping-taxable","12":"purchasable","13":"product-type-simple"},"_links":{"self":[{"href":"https:\/\/www.lpdo.it\/fr\/wp-json\/wp\/v2\/product\/511211","targetHints":{"allow":["GET"]}}],"collection":[{"href":"https:\/\/www.lpdo.it\/fr\/wp-json\/wp\/v2\/product"}],"about":[{"href":"https:\/\/www.lpdo.it\/fr\/wp-json\/wp\/v2\/types\/product"}],"wp:featuredmedia":[{"embeddable":true,"href":"https:\/\/www.lpdo.it\/fr\/wp-json\/wp\/v2\/media\/511465"}],"wp:attachment":[{"href":"https:\/\/www.lpdo.it\/fr\/wp-json\/wp\/v2\/media?parent=511211"}],"wp:term":[{"taxonomy":"product_brand","embeddable":true,"href":"https:\/\/www.lpdo.it\/fr\/wp-json\/wp\/v2\/product_brand?post=511211"},{"taxonomy":"product_cat","embeddable":true,"href":"https:\/\/www.lpdo.it\/fr\/wp-json\/wp\/v2\/product_cat?post=511211"},{"taxonomy":"product_tag","embeddable":true,"href":"https:\/\/www.lpdo.it\/fr\/wp-json\/wp\/v2\/product_tag?post=511211"}],"curies":[{"name":"wp","href":"https:\/\/api.w.org\/{rel}","templated":true}]}}