{"id":109483,"date":"2020-08-29T03:02:14","date_gmt":"2020-08-29T01:02:14","guid":{"rendered":"https:\/\/www.lpdo.it\/?page_id=109483"},"modified":"2021-06-14T00:09:37","modified_gmt":"2021-06-13T22:09:37","slug":"campioni","status":"publish","type":"page","link":"https:\/\/www.lpdo.it\/pt\/campioni\/","title":{"rendered":"Campioni"},"content":{"rendered":"<div class=\"woocommerce columns-5\"><div class=\"wd-products-element\">\t\t\t<div class=\"wd-sticky-loader wd-content-loader\"><span class=\"wd-loader\"><\/span><\/div>\n\t\t\n<div class=\"products wd-products wd-grid-g elements-list pagination-pagination\" data-source=\"main_loop\" data-min_price=\"\" data-max_price=\"\" data-columns=\"3\" style=\"--wd-col-lg:1;--wd-col-md:1;--wd-col-sm:1;\">\n<div class=\"wd-product product-list-item wd-col product-grid-item product type-product post-109481 status-publish instock product_cat-sample-set has-post-thumbnail shipping-taxable purchasable product-type-simple\" data-loop=\"1\" data-id=\"109481\">\n\t\n\t\n\t<div class=\"product-wrapper\">\n\t\t<div class=\"product-element-top wd-quick-shop\">\n\t\t\t<a href=\"https:\/\/www.lpdo.it\/pt\/p\/lpdo-samples-set-2ml\/\" class=\"product-image-link prod-109481\">\n\t\t\t\t<img loading=\"lazy\" decoding=\"async\" width=\"300\" height=\"300\" src=\"https:\/\/www.lpdo.it\/wp-content\/uploads\/2026\/03\/Samples_2026_POR-300x300.jpg\" class=\"attachment-woocommerce_thumbnail size-woocommerce_thumbnail\" alt=\"\" srcset=\"https:\/\/www.lpdo.it\/wp-content\/uploads\/2026\/03\/Samples_2026_POR-300x300.jpg 300w, https:\/\/www.lpdo.it\/wp-content\/uploads\/2026\/03\/Samples_2026_POR-1024x1024.jpg 1024w, https:\/\/www.lpdo.it\/wp-content\/uploads\/2026\/03\/Samples_2026_POR-150x150.jpg 150w, https:\/\/www.lpdo.it\/wp-content\/uploads\/2026\/03\/Samples_2026_POR-768x768.jpg 768w, https:\/\/www.lpdo.it\/wp-content\/uploads\/2026\/03\/Samples_2026_POR-12x12.jpg 12w, https:\/\/www.lpdo.it\/wp-content\/uploads\/2026\/03\/Samples_2026_POR-600x600.jpg 600w, https:\/\/www.lpdo.it\/wp-content\/uploads\/2026\/03\/Samples_2026_POR.jpg 1080w\" sizes=\"auto, (max-width: 300px) 100vw, 300px\" \/>\t\t\t<\/a>\n\n\t\t\t<a href=\"https:\/\/www.lpdo.it\/pt\/p\/lpdo-samples-set-2ml\/\" class=\"product-image-link prod-109481\"style=\"display:none\">\n\t\t\t\t\t\t\t\t\t\t\t\t\t<img decoding=\"async\" src=\"https:\/\/www.lpdo.it\/wp-content\/uploads\/2026\/03\/Samples_2026_POR.jpg\" data-id=\"\">\n\t\t\t<\/a>\n\n\t\t\t\n\t\t\t<div class=\"wd-buttons wd-pos-r-t\">\n\t\t\t\t\t\t\t\t\t\t\t\t\t\t\t\t\t\t\t<div class=\"wd-wishlist-btn wd-action-btn wd-style-icon wd-wishlist-icon\">\n\t\t\t\t<a class=\"\" href=\"https:\/\/www.lpdo.it\/pt\/p\/lpdo-samples-set-2ml\/\" data-key=\"6892d28c30\" data-product-id=\"109481\" rel=\"nofollow\" data-added-text=\"Browse wishlist\">\n\t\t\t\t\t<span class=\"wd-added-icon\"><\/span>\n\t\t\t\t\t<span class=\"wd-action-text\">Add to wishlist<\/span>\n\t\t\t\t<\/a>\n\t\t\t<\/div>\n\t\t\t\t\t<\/div>\n\t\t<\/div>\n\t\t<div class=\"product-list-content wd-scroll\">\n\t\t\t<h3 class=\"wd-entities-title\" data-no-translation=\"\" data-no-auto-translation=\"\">\n\t\t\t\t\t\t<a href=\"https:\/\/www.lpdo.it\/pt\/p\/lpdo-samples-set-2ml\/\" class=\"prod-109481\">CONJUNTO DE AMOSTRAS DE 27 FRAGR\u00c2NCIAS DE 2 ML<br><span class=\"edpi\">EAU DE PARFUM INTENSE<\/span><\/a>\n\t\t\t\t\t\t<a href=\"https:\/\/www.lpdo.it\/pt\/p\/lpdo-samples-set-2ml\/\" class=\"prod-109481\"style=\"display:none\">CONJUNTO DE AMOSTRAS DE 27 FRAGR\u00c2NCIAS DE 2 ML<br><span class=\"edpi\">EAU DE PARFUM INTENSE<\/span><\/a>\n\t\t\t\t\t<\/h3>\t\t\t\t\t\t\t\t\t\t\t\t<p class=\"wd-product-stock stock wd-style-default in-stock prod-109481\" >Prodotto Disponibile<\/p><p class=\"wd-product-stock stock wd-style-default in-stock prod-109481\" style=\"display:none\">Prodotto Disponibile<\/p>\t\t\t\t\t\t\t\t\t<div class=\"container-2-col\">\n<div class=\"woocommerce-product-details__short-description\">\n<a href=\"https:\/\/www.lpdo.it\/pt\/p\/lpdo-samples-set-2ml\/\">\n\t<p>Acquista il nostro Samples Set con spedizione GRATIS.\nAl suo interno trovi i campioni da 2ml di tutte le nostre fragranze. Uno per ogni fragranza.\n*Insieme al set di campioni riceverai un buono sconto del 20% valido sul tuo prossimo acquisto!\n*Codice sconto valido per una spesa minima di 25 euro.\n*Il Samples Set comprende le Quattro Nuove Fragranze 2026 della Linea LPDO, Nana Vice, Vanilla Tonic, Tuberosa Nova e Oud Samba. Mentre, le referenze Soleil D\u00e9sire, Rubin Fum\u00e9e e Voyage Secret non sono riportate nel Samples Set perch\u00e9 attualmente in esaurimento scorte.<\/p><\/a>\n<\/div>\n\n    <div style=\"min-width:280px;padding-left:20px\">\n    <div class=\"price-table-100ml prod-109481\">\n        <span style=\"font-size:16px;line-height:26px\">PRE\u00c7O: <\/span> <span class=\"woocommerce-Price-amount amount\"><bdi><span class=\"woocommerce-Price-currencySymbol\">\u20ac<\/span>18.90<\/bdi><\/span>\n    <\/div>\n    <div class=\"wd-add-btn wd-add-btn-replace prod-109481 sliderBtn\">\n    <a href=\"?add-to-cart=109481\" data-quantity=\"1\" class=\"button wp-element-button product_type_simple add_to_cart_button ajax_add_to_cart add-to-cart-loop\" data-product_id=\"109481\" data-product_sku=\"0500\" aria-label=\"Add to your cart\" rel=\"nofollow\"><span>Adicionar ao carrinho de compras<\/span><\/a>\n    <\/div><\/div><\/div>\t\t\t\n\t\t\t\n\t\t\t\n\t\t\t<!--<div class=\"wd-add-btn wd-add-btn-replace\">\n\t\t\t\t\n\t\t\t\t<a href=\"\/pt\/wp-json\/wp\/v2\/pages\/109483?add-to-cart=109481\" aria-describedby=\"woocommerce_loop_add_to_cart_link_describedby_109481\" data-quantity=\"1\" class=\"button product_type_simple add_to_cart_button ajax_add_to_cart add-to-cart-loop\" data-product_id=\"109481\" data-product_sku=\"0500\" aria-label=\"Adicionar ao carrinho: &quot;SAMPLES SET 27 FRAGRANZE DA 2ML&quot;\" rel=\"nofollow\" data-success_message=\"&quot;SAMPLES SET 27 FRAGRANZE DA 2ML&quot; foi adicionado ao seu carrinho\" role=\"button\"><span>Adicionar ao carrinho<\/span><\/a>\t<span id=\"woocommerce_loop_add_to_cart_link_describedby_109481\" class=\"screen-reader-text\">\n\t\t\t<\/span>\n\t\t\t<\/div>-->\n\n\t\t\t<span class=\"gtm4wp_productdata\" style=\"display:none; visibility:hidden;\" data-gtm4wp_product_data=\"{&quot;internal_id&quot;:109481,&quot;item_id&quot;:109481,&quot;item_name&quot;:&quot;SAMPLES SET 27 FRAGRANZE DA 2ML&quot;,&quot;sku&quot;:&quot;0500&quot;,&quot;price&quot;:18.9,&quot;stocklevel&quot;:null,&quot;stockstatus&quot;:&quot;instock&quot;,&quot;google_business_vertical&quot;:&quot;retail&quot;,&quot;item_category&quot;:&quot;Sample Set&quot;,&quot;id&quot;:109481,&quot;productlink&quot;:&quot;https:\\\/\\\/www.lpdo.it\\\/pt\\\/p\\\/lpdo-samples-set-2ml\\\/&quot;,&quot;item_list_name&quot;:&quot;General Product List&quot;,&quot;index&quot;:2,&quot;product_type&quot;:&quot;simple&quot;,&quot;item_brand&quot;:&quot;&quot;}\"><\/span>\t\t<\/div>\n\t<\/div>\n<\/div>\n<\/div>\n<\/div><\/div>","protected":false},"excerpt":{"rendered":"","protected":false},"author":1,"featured_media":0,"parent":0,"menu_order":0,"comment_status":"closed","ping_status":"closed","template":"","meta":{"footnotes":""},"class_list":["post-109483","page","type-page","status-publish","hentry"],"_links":{"self":[{"href":"https:\/\/www.lpdo.it\/pt\/wp-json\/wp\/v2\/pages\/109483","targetHints":{"allow":["GET"]}}],"collection":[{"href":"https:\/\/www.lpdo.it\/pt\/wp-json\/wp\/v2\/pages"}],"about":[{"href":"https:\/\/www.lpdo.it\/pt\/wp-json\/wp\/v2\/types\/page"}],"author":[{"embeddable":true,"href":"https:\/\/www.lpdo.it\/pt\/wp-json\/wp\/v2\/users\/1"}],"replies":[{"embeddable":true,"href":"https:\/\/www.lpdo.it\/pt\/wp-json\/wp\/v2\/comments?post=109483"}],"version-history":[{"count":6,"href":"https:\/\/www.lpdo.it\/pt\/wp-json\/wp\/v2\/pages\/109483\/revisions"}],"predecessor-version":[{"id":141621,"href":"https:\/\/www.lpdo.it\/pt\/wp-json\/wp\/v2\/pages\/109483\/revisions\/141621"}],"wp:attachment":[{"href":"https:\/\/www.lpdo.it\/pt\/wp-json\/wp\/v2\/media?parent=109483"}],"curies":[{"name":"wp","href":"https:\/\/api.w.org\/{rel}","templated":true}]}}