{"id":2033,"date":"2018-12-01T18:45:42","date_gmt":"2018-12-01T17:45:42","guid":{"rendered":"http:\/\/demo3.nexthelp.it\/?page_id=2033"},"modified":"2025-07-18T14:51:16","modified_gmt":"2025-07-18T12:51:16","slug":"pagamenti-sicuri","status":"publish","type":"page","link":"https:\/\/www.lpdo.it\/pt\/pagamenti-sicuri\/","title":{"rendered":"Pagamentos seguros"},"content":{"rendered":"<div>\n<div>\n<h2 style=\"text-align: center;\">VEJA COMO EFETUAR OS SEUS PAGAMENTOS NA LPDO<\/h2>\n<p>Sim, todos os pre\u00e7os de venda dos produtos expostos e indicados no site incluem IVA e todos os outros impostos.<\/p>\n<p>Sim, o envio \u00e9 gratuito.<\/p>\n<h3>M\u00c9TODOS DE PAGAMENTO<\/h3>\n<p>Depois de preencher o formul\u00e1rio de encomenda, tem \u00e0 disposi\u00e7\u00e3o os seguintes m\u00e9todos de pagamento para concluir a fase de compra:<\/p>\n<ul>\n<li><strong>Cart\u00e3o de cr\u00e9dito, cart\u00e3o pr\u00e9-pago ou Postepay<\/strong><\/li>\n<\/ul>\n<p>Com este m\u00e9todo, o valor da sua encomenda ser\u00e1 exibido imediatamente e a mercadoria, sujeita \u00e0 disponibilidade dos produtos, ser\u00e1 enviada no dia \u00fatil seguinte.<\/p>\n<ul>\n<li><strong>Transfer\u00eancia banc\u00e1ria<\/strong><\/li>\n<\/ul>\n<p>Com este m\u00e9todo, assim que o valor for creditado na conta indicada, comprometemo-nos a enviar a mercadoria prontamente, sujeita \u00e0 disponibilidade dos produtos.<\/p>\n<ul>\n<li><strong>PayPal<\/strong><\/li>\n<\/ul>\n<p>Com este m\u00e9todo, o valor da sua encomenda ser\u00e1 exibido imediatamente e a mercadoria, sujeita \u00e0 disponibilidade dos produtos, ser\u00e1 enviada no dia \u00fatil seguinte.<\/p>\n<div class=\"remove\">\n<ul>\n<li><strong>Pagamento alla Consegna<\/strong><\/li>\n<\/ul>\n<p>In questo modo, all&#8217;importo dell&#8217;ordine da pagare in contanti al corriere vanno aggiunti i \u20ac2,99 di contrassegno. Salvo disponibilit\u00e0 dei prodotti, l&#8217;ordine partir\u00e0 entro il giorno lavorativo successivo.<\/p>\n<ul>\n<li><strong>ScalaPay<\/strong><\/li>\n<\/ul>\n<p>In questo modo, potrai pagare il tuo ordine in 3 comode rate uguali e con scadenza mensile. Il servizio non avr\u00e0 costi aggiuntivi per te e, solo la prima rata, ti verr\u00e0 addebbita all&#8217;atto dell&#8217;acquisto. Salvo disponibilit\u00e0 dei prodotti, l&#8217;ordine partir\u00e0 entro il giorno lavorativo successivo.<\/p>\n<\/div>\n<\/div><\/div>\n\n\n\n<p><\/p>","protected":false},"excerpt":{"rendered":"<p>ECCO COME EFFETTUARE I TUOI PAGAMENTI SU LPDO S\u00ec, tutti i prezzi di vendita dei prodotti esposti ed indicati all\u2019interno<\/p>","protected":false},"author":1,"featured_media":0,"parent":0,"menu_order":0,"comment_status":"closed","ping_status":"closed","template":"","meta":{"footnotes":""},"class_list":["post-2033","page","type-page","status-publish","hentry"],"_links":{"self":[{"href":"https:\/\/www.lpdo.it\/pt\/wp-json\/wp\/v2\/pages\/2033","targetHints":{"allow":["GET"]}}],"collection":[{"href":"https:\/\/www.lpdo.it\/pt\/wp-json\/wp\/v2\/pages"}],"about":[{"href":"https:\/\/www.lpdo.it\/pt\/wp-json\/wp\/v2\/types\/page"}],"author":[{"embeddable":true,"href":"https:\/\/www.lpdo.it\/pt\/wp-json\/wp\/v2\/users\/1"}],"replies":[{"embeddable":true,"href":"https:\/\/www.lpdo.it\/pt\/wp-json\/wp\/v2\/comments?post=2033"}],"version-history":[{"count":3,"href":"https:\/\/www.lpdo.it\/pt\/wp-json\/wp\/v2\/pages\/2033\/revisions"}],"predecessor-version":[{"id":449922,"href":"https:\/\/www.lpdo.it\/pt\/wp-json\/wp\/v2\/pages\/2033\/revisions\/449922"}],"wp:attachment":[{"href":"https:\/\/www.lpdo.it\/pt\/wp-json\/wp\/v2\/media?parent=2033"}],"curies":[{"name":"wp","href":"https:\/\/api.w.org\/{rel}","templated":true}]}}