{"id":251540,"date":"2023-04-13T23:30:06","date_gmt":"2023-04-13T21:30:06","guid":{"rendered":"https:\/\/www.lpdo.it\/?page_id=251540"},"modified":"2023-04-13T23:30:07","modified_gmt":"2023-04-13T21:30:07","slug":"resi-e-cambi","status":"publish","type":"page","link":"https:\/\/www.lpdo.it\/pt\/resi-e-cambi\/","title":{"rendered":"Devolu\u00e7\u00f5es e trocas"},"content":{"rendered":"<h3 class=\"wp-block-heading\">VEJA COMO DEVOLVER OU TROCAR O SEU PRODUTO<\/h3>\n\n\n\n<p>Nos termos e para os efeitos dos artigos 64 e seguintes do Decreto Legislativo n.\u00ba 206\/05, poder\u00e1 exercer o direito de desist\u00eancia, sem qualquer penaliza\u00e7\u00e3o e sem especificar o motivo.<\/p>\n\n\n\n<h3 class=\"wp-block-heading\">VEJA O PROCEDIMENTO A SEGUIR EM CASO DE DEVOLU\u00c7\u00c3O<\/h3>\n\n\n\n<p>Envie o pedido de Direito de Devolu\u00e7\u00e3o para info@lpdo.it no prazo de 14 dias \u00fateis ap\u00f3s a rece\u00e7\u00e3o da mercadoria. Em caso de problemas, pode contactar-nos atrav\u00e9s dos seguintes n\u00fameros: +39 0817590289 +39 3505111914.<\/p>\n\n\n\n<p>Envie o produto, com um servi\u00e7o de correio \u00e0 sua escolha, para Dremar Parfum International Srl \u2013 Via Boscofangone snc \u2013 Interporto Campano Lotto D1 \u2013 Moduli 235\/236 80035 Nola (NA). Recomendamos que o embale cuidadosamente na embalagem original, inserindo tamb\u00e9m a c\u00f3pia do formul\u00e1rio que receber\u00e1 da nossa Equipa de Atendimento ao Cliente por e-mail.<\/p>\n\n\n\n<p>Procederemos ao reembolso, incluindo os portes de envio iniciais, no prazo de 30 dias ap\u00f3s a rece\u00e7\u00e3o da mercadoria.<\/p>\n\n\n\n<p>Os custos de envio incorridos para devolver os produtos n\u00e3o ser\u00e3o reembolsados.<\/p>\n\n\n\n<p>Lembre-se de que n\u00e3o ser\u00e1 poss\u00edvel aplicar o direito de desist\u00eancia caso o produto devolvido n\u00e3o esteja intacto, entendendo-se por tal qualquer dano n\u00e3o devido ao transporte (falta da embalagem original, aus\u00eancia de partes integrantes do produto, etc.).<\/p>\n\n\n\n<h3 class=\"wp-block-heading\">VEJA O PROCEDIMENTO A SEGUIR EM CASO DE TROCA<\/h3>\n\n\n\n<p>Envie o pedido de troca para info@lpdo.it no prazo de 14 dias \u00fateis ap\u00f3s a rece\u00e7\u00e3o da mercadoria.<\/p>\n\n\n\n<p>Contacte a nossa Equipa de Atendimento ao Cliente atrav\u00e9s dos seguintes n\u00fameros: +39 0817590289 +39 3505111914 para agendar a troca do produto.<\/p>\n\n\n\n<h3 class=\"wp-block-heading\">AQUI TEM AS INFORMA\u00c7\u00d5ES SOBRE DESCONTOS E VOUCHERS<\/h3>\n\n\n\n<p>Os descontos n\u00e3o s\u00e3o acumul\u00e1veis por encomenda individual.<\/p>\n\n\n\n<p>A empresa pode decidir n\u00e3o emitir o voucher unilateralmente, em caso de suspeita de irregularidades.<\/p>","protected":false},"excerpt":{"rendered":"<p>ECCO COME PUOI EFFETTUARE IL TUO RESO O CAMBIARE IL TUO PRODOTTO Ai sensi e per gli effetti degli artt.<\/p>","protected":false},"author":1,"featured_media":0,"parent":0,"menu_order":0,"comment_status":"closed","ping_status":"closed","template":"","meta":{"footnotes":""},"class_list":["post-251540","page","type-page","status-publish","hentry"],"_links":{"self":[{"href":"https:\/\/www.lpdo.it\/pt\/wp-json\/wp\/v2\/pages\/251540","targetHints":{"allow":["GET"]}}],"collection":[{"href":"https:\/\/www.lpdo.it\/pt\/wp-json\/wp\/v2\/pages"}],"about":[{"href":"https:\/\/www.lpdo.it\/pt\/wp-json\/wp\/v2\/types\/page"}],"author":[{"embeddable":true,"href":"https:\/\/www.lpdo.it\/pt\/wp-json\/wp\/v2\/users\/1"}],"replies":[{"embeddable":true,"href":"https:\/\/www.lpdo.it\/pt\/wp-json\/wp\/v2\/comments?post=251540"}],"version-history":[{"count":1,"href":"https:\/\/www.lpdo.it\/pt\/wp-json\/wp\/v2\/pages\/251540\/revisions"}],"predecessor-version":[{"id":251541,"href":"https:\/\/www.lpdo.it\/pt\/wp-json\/wp\/v2\/pages\/251540\/revisions\/251541"}],"wp:attachment":[{"href":"https:\/\/www.lpdo.it\/pt\/wp-json\/wp\/v2\/media?parent=251540"}],"curies":[{"name":"wp","href":"https:\/\/api.w.org\/{rel}","templated":true}]}}