{"id":251546,"date":"2023-04-13T23:37:11","date_gmt":"2023-04-13T21:37:11","guid":{"rendered":"https:\/\/www.lpdo.it\/?page_id=251546"},"modified":"2023-04-13T23:37:12","modified_gmt":"2023-04-13T21:37:12","slug":"chi-siamo","status":"publish","type":"page","link":"https:\/\/www.lpdo.it\/pt\/chi-siamo\/","title":{"rendered":"Sobre n\u00f3s"},"content":{"rendered":"<div class=\"row\">\n<div class=\"col-md-12 col-lg-6\" style=\"background: url('\/wp-content\/themes\/lpdo\/images\/galleria\/LPDO_SHOOTING_072022_142.jpg') no-repeat; background-size:cover; min-height: 500px\"><\/div>\n<div class=\"col-md-12 col-lg-6\">\n<h1 style=\"font-weight:900;text-transform:uppercase\">Uma marca, muitas fragr\u00e2ncias,<br>a sua ess\u00eancia.<\/h1>\n\n<h3 style=\"font-weight:900;\">LPDO?<\/h3>\n<p>\u00c9 um projeto de perfumaria Made in Italy, mas tamb\u00e9m uma empresa que nasceu e cresceu ao longo do tempo, com a dedica\u00e7\u00e3o e paix\u00e3o da sua equipa, no maravilhoso setor da beleza e perfumaria em It\u00e1lia. <\/p>\n\n<h3 style=\"font-weight:900;\">As nossas fragr\u00e2ncias?<\/h3>\n<p>S\u00e3o Eau De Parfum Intense com uma composi\u00e7\u00e3o formulada sobre uma base de 20% de \u00f3leos essenciais. N\u00e3o \u00e9 por acaso que as mat\u00e9rias-primas utilizadas e os acordes intensos criados deixam um rasto inconfund\u00edvel, capaz de real\u00e7ar a sua ess\u00eancia. <\/p>\n\n<h3 style=\"font-weight:900;\">A nossa equipa?<\/h3>\n<p>Com a nossa paix\u00e3o e experi\u00eancia, queremos dar notas atrav\u00e9s das quais se possa reconhecer e ser capaz de se definir todos os dias, de uma forma diferente. <\/p>\n\n<h3 style=\"font-weight:900;\">O nosso mundo perfumado?<\/h3>\n<p>\u00c9 rico em emo\u00e7\u00f5es olfativas para descobrir e experimentar juntos. <\/p>\n\n<\/div>\n<\/div>","protected":false},"excerpt":{"rendered":"<p>Un brand, tante fragranze,la tua essenza. LPDO? \u00c8 un progetto di profumeria Made in Italy, ma anche un\u2019azienda nata e<\/p>","protected":false},"author":1,"featured_media":0,"parent":0,"menu_order":0,"comment_status":"closed","ping_status":"closed","template":"","meta":{"footnotes":""},"class_list":["post-251546","page","type-page","status-publish","hentry"],"_links":{"self":[{"href":"https:\/\/www.lpdo.it\/pt\/wp-json\/wp\/v2\/pages\/251546","targetHints":{"allow":["GET"]}}],"collection":[{"href":"https:\/\/www.lpdo.it\/pt\/wp-json\/wp\/v2\/pages"}],"about":[{"href":"https:\/\/www.lpdo.it\/pt\/wp-json\/wp\/v2\/types\/page"}],"author":[{"embeddable":true,"href":"https:\/\/www.lpdo.it\/pt\/wp-json\/wp\/v2\/users\/1"}],"replies":[{"embeddable":true,"href":"https:\/\/www.lpdo.it\/pt\/wp-json\/wp\/v2\/comments?post=251546"}],"version-history":[{"count":1,"href":"https:\/\/www.lpdo.it\/pt\/wp-json\/wp\/v2\/pages\/251546\/revisions"}],"predecessor-version":[{"id":251547,"href":"https:\/\/www.lpdo.it\/pt\/wp-json\/wp\/v2\/pages\/251546\/revisions\/251547"}],"wp:attachment":[{"href":"https:\/\/www.lpdo.it\/pt\/wp-json\/wp\/v2\/media?parent=251546"}],"curies":[{"name":"wp","href":"https:\/\/api.w.org\/{rel}","templated":true}]}}