{"id":251554,"date":"2023-04-14T00:20:02","date_gmt":"2023-04-13T22:20:02","guid":{"rendered":"https:\/\/www.lpdo.it\/?page_id=251554"},"modified":"2026-03-04T12:36:59","modified_gmt":"2026-03-04T11:36:59","slug":"spese-e-spedizioni","status":"publish","type":"page","link":"https:\/\/www.lpdo.it\/pt\/spese-e-spedizioni\/","title":{"rendered":"Despesas e expedi\u00e7\u00e3o"},"content":{"rendered":"<p><strong>VEJA QUANDO E COMO ENVIAREMOS A SUA ENCOMENDA \u00c0 LPDO<\/strong><\/p>\n\n\n\n<p>Aqui encontrar\u00e1 todas as informa\u00e7\u00f5es sobre tempos de processamento, tempos de entrega e custos de envio.<\/p>\n\n\n\n<p><strong>TEMPOS DE PROCESSAMENTO<\/strong><\/p>\n\n\n\n<p>As encomendas recebidas de segunda a sexta-feira, excluindo feriados italianos e sujeitas \u00e0 disponibilidade dos produtos, ser\u00e3o processadas no dia \u00fatil seguinte.<\/p>\n\n\n\n<p>As encomendas recebidas aos s\u00e1bados e\/ou domingos ser\u00e3o processadas na segunda-feira seguinte.<\/p>\n\n\n\n<p>Ap\u00f3s o envio, enviaremos um e-mail de notifica\u00e7\u00e3o autom\u00e1tico com o respetivo n\u00famero de seguimento, para monitorizar o estado do envio clicando no seguinte link\u00a0 <a href=\"https:\/\/www.gls-italy.com\/\">https:\/\/www.gls-italy.com<\/a><\/p>\n\n\n\n<p><strong>N.B. EM CASO DE FALTA DE MARCA\u00c7\u00c3O COM O SERVI\u00c7O DE ENTREGAS<\/strong><\/p>\n\n\n\n<p>Se n\u00e3o estiver dispon\u00edvel para a nova data acordada, poder\u00e1 recolher a sua encomenda gratuitamente no prazo de 3 dias nas instala\u00e7\u00f5es da GLS mais pr\u00f3ximas.<\/p>\n\n\n\n<p>Ap\u00f3s 5 dias, a encomenda regressar\u00e1 ao nosso armaz\u00e9m e ser\u00e1 cancelada.<\/p>\n\n\n\n<div class=\"remove\"><p>SARDEGNA E ISOLE MINORI: 48\/72 ore<\/p>\n\n\n\n<p>( Sardegna -Sicilia \u2013Venezia -isole minori e localit\u00e0 montane difficilmente raggiungibili)<\/p>\n\n\n\n<p>TARIFFA DI SPEDIZIONE (in funzione dell\u2019importo dell\u2019ordine):<\/p>\n\n\n\n<p>ZONA&nbsp;&nbsp;&nbsp;&nbsp;&nbsp;&nbsp;&nbsp; SPEDIZIONE&nbsp;&nbsp;&nbsp;&nbsp;&nbsp;&nbsp;&nbsp; CONTRASSEGNO<\/p>\n\n\n\n<p>ITALIA&nbsp;&nbsp;&nbsp; &nbsp;&nbsp;&nbsp;&nbsp;&nbsp; GRATIS&nbsp;&nbsp;&nbsp;&nbsp;&nbsp;&nbsp;&nbsp;&nbsp;&nbsp;&nbsp;&nbsp;&nbsp; &nbsp;&nbsp; 2,99\u20ac<\/p>\n\n\n\n<p>ESTERO\u00a0 \u00a0\u00a0\u00a0\u00a0\u00a0\u00a0\u00a0 6,00\u20ac\u00a0\u00a0\u00a0\u00a0\u00a0\u00a0\u00a0\u00a0\u00a0\u00a0\u00a0\u00a0 \u00a0\u00a0\u00a0\u00a0\u00a0 \/\/<\/p>\n\n\n\n<p><strong>N.B. IN CASO DI MANCATO APPUNTAMENTO CON IL CORRIERE <\/strong><\/p>\n\n\n\n<p>Il nostro Team Customer Care ti contatter\u00e0 per fissare una nuova data di consegna.<\/p>\n\n\n\n<p>Se non dovessi risultare disponibile per la nuova data concordata, potrai ritirare gratuitamente il tuo ordine entro 3 giorni presso la sede Gls pi\u00f9 vicina.<\/p>\n\n\n\n<p>Decorsi i 3 giorni il pacco rientrer\u00e0 presso il nostro magazzino e l&#8217;ordine sar\u00e0 annullato.<\/p><\/div>","protected":false},"excerpt":{"rendered":"<p>ECCO QUANDO E COME SPEDIREMO IL TUO ORDINE SU LPDO Qui trovi tutte le info riguardo tempi d&#8217;evasione, tempi di<\/p>","protected":false},"author":1,"featured_media":0,"parent":0,"menu_order":0,"comment_status":"closed","ping_status":"closed","template":"","meta":{"footnotes":""},"class_list":["post-251554","page","type-page","status-publish","hentry"],"_links":{"self":[{"href":"https:\/\/www.lpdo.it\/pt\/wp-json\/wp\/v2\/pages\/251554","targetHints":{"allow":["GET"]}}],"collection":[{"href":"https:\/\/www.lpdo.it\/pt\/wp-json\/wp\/v2\/pages"}],"about":[{"href":"https:\/\/www.lpdo.it\/pt\/wp-json\/wp\/v2\/types\/page"}],"author":[{"embeddable":true,"href":"https:\/\/www.lpdo.it\/pt\/wp-json\/wp\/v2\/users\/1"}],"replies":[{"embeddable":true,"href":"https:\/\/www.lpdo.it\/pt\/wp-json\/wp\/v2\/comments?post=251554"}],"version-history":[{"count":5,"href":"https:\/\/www.lpdo.it\/pt\/wp-json\/wp\/v2\/pages\/251554\/revisions"}],"predecessor-version":[{"id":512220,"href":"https:\/\/www.lpdo.it\/pt\/wp-json\/wp\/v2\/pages\/251554\/revisions\/512220"}],"wp:attachment":[{"href":"https:\/\/www.lpdo.it\/pt\/wp-json\/wp\/v2\/media?parent=251554"}],"curies":[{"name":"wp","href":"https:\/\/api.w.org\/{rel}","templated":true}]}}