{"id":109481,"date":"2020-08-29T03:01:00","date_gmt":"2020-08-29T01:01:00","guid":{"rendered":"https:\/\/www.lpdo.it\/?post_type=product&#038;p=109481"},"modified":"2026-03-09T10:01:09","modified_gmt":"2026-03-09T09:01:09","slug":"lpdo-samples-set-2ml","status":"publish","type":"product","link":"https:\/\/www.lpdo.it\/pt\/p\/lpdo-samples-set-2ml\/","title":{"rendered":"SAMPLES SET 27 FRAGRANZE DA 2ML"},"content":{"rendered":"","protected":false},"excerpt":{"rendered":"<p>Adquire o nosso Samples Set com envio GRATUITO.<br \/>\nDentro dele, voc\u00ea encontrar\u00e1 amostras de 2ml de todas as nossas fragr\u00e2ncias \u2014 uma para cada fragr\u00e2ncia.<\/p>\n<p>Juntamente com o set de amostras receber\u00e1s um cup\u00e3o de desconto de 20% v\u00e1lido na tua pr\u00f3xima compra.<br \/>\nC\u00f3digo de desconto v\u00e1lido para compras com valor m\u00ednimo de 25 \u20ac.<br \/>\n*<b>O Samples Set inclui as quatro novas fragr\u00e2ncias LPDO 2026: Nana Vice, Vanilla Tonic, Tuberosa Nova e Oud Samba. As refer\u00eancias Soleil D\u00e9sire, Rubin Fum\u00e9e e Voyage Secret n\u00e3o est\u00e3o inclu\u00eddas devido a disponibilidade limitada de stock.<\/b><\/p>","protected":false},"featured_media":513263,"template":"","meta":[],"product_brand":[],"product_cat":[64],"product_tag":[],"class_list":{"0":"post-109481","1":"product","2":"type-product","3":"status-publish","4":"has-post-thumbnail","6":"product_cat-sample-set","7":"product_shipping_class-samples-set","9":"first","10":"instock","11":"shipping-taxable","12":"purchasable","13":"product-type-simple"},"_links":{"self":[{"href":"https:\/\/www.lpdo.it\/pt\/wp-json\/wp\/v2\/product\/109481","targetHints":{"allow":["GET"]}}],"collection":[{"href":"https:\/\/www.lpdo.it\/pt\/wp-json\/wp\/v2\/product"}],"about":[{"href":"https:\/\/www.lpdo.it\/pt\/wp-json\/wp\/v2\/types\/product"}],"wp:featuredmedia":[{"embeddable":true,"href":"https:\/\/www.lpdo.it\/pt\/wp-json\/wp\/v2\/media\/513263"}],"wp:attachment":[{"href":"https:\/\/www.lpdo.it\/pt\/wp-json\/wp\/v2\/media?parent=109481"}],"wp:term":[{"taxonomy":"product_brand","embeddable":true,"href":"https:\/\/www.lpdo.it\/pt\/wp-json\/wp\/v2\/product_brand?post=109481"},{"taxonomy":"product_cat","embeddable":true,"href":"https:\/\/www.lpdo.it\/pt\/wp-json\/wp\/v2\/product_cat?post=109481"},{"taxonomy":"product_tag","embeddable":true,"href":"https:\/\/www.lpdo.it\/pt\/wp-json\/wp\/v2\/product_tag?post=109481"}],"curies":[{"name":"wp","href":"https:\/\/api.w.org\/{rel}","templated":true}]}}