{"id":2196,"date":"2019-01-07T12:18:52","date_gmt":"2019-01-07T11:18:52","guid":{"rendered":"http:\/\/demo3.nexthelp.it\/?post_type=product&#038;p=2196"},"modified":"2025-12-02T00:03:08","modified_gmt":"2025-12-01T23:03:08","slug":"lpdo-superbe-cafe-100ml-edpi","status":"publish","type":"product","link":"https:\/\/www.lpdo.it\/pt\/p\/lpdo-superbe-cafe-100ml-edpi\/","title":{"rendered":"Superbe Caf\u00e8 100ml EDPI"},"content":{"rendered":"<div class=\"type-block\">\n<div class=\"row\">\n<div class=\"col-md-4\">\n<p>    <img decoding=\"async\" src=\"\/wp-content\/themes\/lpdo\/images\/testa.svg\" alt=\"Note di Testa\" \/><\/p>\n<h5>CABE\u00c7A<\/h5>\n<p>    Note Floreali<\/p><\/div>\n<div class=\"col-md-4\">\n<p>    <img decoding=\"async\" src=\"\/wp-content\/themes\/lpdo\/images\/cuore.svg\" alt=\"NOTE DI CUORE\" \/><\/p>\n<h5>CORA\u00c7\u00c3O<\/h5>\n<p>    Rosa, Caff\u00e8<\/p><\/div>\n<div class=\"col-md-4\">\n<p>    <img decoding=\"async\" src=\"\/wp-content\/themes\/lpdo\/images\/fondo.svg\" alt=\"NOTE DI FONDO\" \/><\/p>\n<h5>INFERIOR<\/h5>\n<p>    Ambra, Vaniglia, Muschio Bianco<\/p><\/div>\n<\/p><\/div>\n<\/p><\/div>","protected":false},"excerpt":{"rendered":"<p>Superbe Caf\u00e9 \u00e8 concentrato puro e aromatico di rosa e caff\u00e8.<br \/>La composizione, calda e sensuale, si apre con sublimi note di testa floreali che colpiscono l&#8217;olfatto gi\u00e0 al primo annuso.<br \/>Il cuore, forte e deciso, racchiude la ricchezza della rosa e l&#8217;aroma dinamico dei chicchi puri del caff\u00e8.<br \/>Il fondo, fatto di ambra, vaniglia e muschio bianco, dona alla fragranza un carattere strutturato e avvolgente.<\/p>","protected":false},"featured_media":295307,"template":"","meta":[],"product_brand":[],"product_cat":[63],"product_tag":[],"class_list":{"0":"post-2196","1":"product","2":"type-product","3":"status-publish","4":"has-post-thumbnail","6":"product_cat-fragranze","8":"first","9":"instock","10":"shipping-taxable","11":"purchasable","12":"product-type-simple"},"_links":{"self":[{"href":"https:\/\/www.lpdo.it\/pt\/wp-json\/wp\/v2\/product\/2196","targetHints":{"allow":["GET"]}}],"collection":[{"href":"https:\/\/www.lpdo.it\/pt\/wp-json\/wp\/v2\/product"}],"about":[{"href":"https:\/\/www.lpdo.it\/pt\/wp-json\/wp\/v2\/types\/product"}],"wp:featuredmedia":[{"embeddable":true,"href":"https:\/\/www.lpdo.it\/pt\/wp-json\/wp\/v2\/media\/295307"}],"wp:attachment":[{"href":"https:\/\/www.lpdo.it\/pt\/wp-json\/wp\/v2\/media?parent=2196"}],"wp:term":[{"taxonomy":"product_brand","embeddable":true,"href":"https:\/\/www.lpdo.it\/pt\/wp-json\/wp\/v2\/product_brand?post=2196"},{"taxonomy":"product_cat","embeddable":true,"href":"https:\/\/www.lpdo.it\/pt\/wp-json\/wp\/v2\/product_cat?post=2196"},{"taxonomy":"product_tag","embeddable":true,"href":"https:\/\/www.lpdo.it\/pt\/wp-json\/wp\/v2\/product_tag?post=2196"}],"curies":[{"name":"wp","href":"https:\/\/api.w.org\/{rel}","templated":true}]}}