{"id":242391,"date":"2022-12-13T01:04:43","date_gmt":"2022-12-13T00:04:43","guid":{"rendered":"https:\/\/www.lpdo.it\/?post_type=product&#038;p=242391"},"modified":"2025-12-02T00:22:50","modified_gmt":"2025-12-01T23:22:50","slug":"gift-card-lpdo","status":"publish","type":"product","link":"https:\/\/www.lpdo.it\/pt\/p\/gift-card-lpdo\/","title":{"rendered":"GIFT CARD LPDO"},"content":{"rendered":"","protected":false},"excerpt":{"rendered":"<p>Para oferecer a quem, como voc\u00ea, adora ser surpreendido por emo\u00e7\u00f5es olfativas superperfumadas!<\/p>\n<p>Aqui est\u00e1 o que precisa de saber sobre o Gift Card LPDO:<br \/>\n\u2022 \u00e9 v\u00e1lido por 12 meses a partir da data de aquisi\u00e7\u00e3o;<br \/>\n\u2022 s\u00f3 pode ser usado online no site www.lpdo.it;<br \/>\n\u2022 pode ser gasto numa ou mais solu\u00e7\u00f5es;<br \/>\n\u2022 pode ser enviado por e-mail;<br \/>\n\u2022 pode ser transferido para impress\u00e3o em PDF;<br \/>\n\u2022 tem um valor m\u00ednimo de 15 \u20ac.<\/p>\n<p>Na pr\u00e1tica? Dois minutos e o presente est\u00e1 feito!<br \/>\nPreencha o formul\u00e1rio com todas as informa\u00e7\u00f5es para o personalizar.<\/p>","protected":false},"featured_media":242395,"template":"","meta":[],"product_brand":[],"product_cat":[81],"product_tag":[],"class_list":{"0":"post-242391","1":"product","2":"type-product","3":"status-publish","4":"has-post-thumbnail","6":"product_cat-gift-card","8":"first","9":"instock","10":"shipping-taxable","11":"purchasable","12":"product-type-pw-gift-card","13":"has-default-attributes"},"_links":{"self":[{"href":"https:\/\/www.lpdo.it\/pt\/wp-json\/wp\/v2\/product\/242391","targetHints":{"allow":["GET"]}}],"collection":[{"href":"https:\/\/www.lpdo.it\/pt\/wp-json\/wp\/v2\/product"}],"about":[{"href":"https:\/\/www.lpdo.it\/pt\/wp-json\/wp\/v2\/types\/product"}],"wp:featuredmedia":[{"embeddable":true,"href":"https:\/\/www.lpdo.it\/pt\/wp-json\/wp\/v2\/media\/242395"}],"wp:attachment":[{"href":"https:\/\/www.lpdo.it\/pt\/wp-json\/wp\/v2\/media?parent=242391"}],"wp:term":[{"taxonomy":"product_brand","embeddable":true,"href":"https:\/\/www.lpdo.it\/pt\/wp-json\/wp\/v2\/product_brand?post=242391"},{"taxonomy":"product_cat","embeddable":true,"href":"https:\/\/www.lpdo.it\/pt\/wp-json\/wp\/v2\/product_cat?post=242391"},{"taxonomy":"product_tag","embeddable":true,"href":"https:\/\/www.lpdo.it\/pt\/wp-json\/wp\/v2\/product_tag?post=242391"}],"curies":[{"name":"wp","href":"https:\/\/api.w.org\/{rel}","templated":true}]}}