{"id":511148,"date":"2026-03-06T12:32:08","date_gmt":"2026-03-06T11:32:08","guid":{"rendered":"https:\/\/www.lpdo.it\/?post_type=product&#038;p=511148"},"modified":"2026-04-21T12:38:18","modified_gmt":"2026-04-21T10:38:18","slug":"vanilla-tonic-100ml-edpi","status":"publish","type":"product","link":"https:\/\/www.lpdo.it\/pt\/p\/vanilla-tonic-100ml-edpi\/","title":{"rendered":"VANILLA TONIC 100ML EDPI"},"content":{"rendered":"<div class=\"type-block\">\n<div class=\"row\">\n<div class=\"col-md-4\">\n<p><img decoding=\"async\" src=\"\/wp-content\/themes\/lpdo\/images\/testa.svg\" alt=\"Note di Testa\" \/><\/p>\n<h5>CABE\u00c7A<\/h5>\n<p>Caramelo, Coco<\/p>\n<\/div>\n<div class=\"col-md-4\">\n<p><img decoding=\"async\" src=\"\/wp-content\/themes\/lpdo\/images\/cuore.svg\" alt=\"NOTE DI CUORE\" \/><\/p>\n<h5>CORA\u00c7\u00c3O<\/h5>\n<p>Lil\u00e1s, \u00c2mbar<\/p>\n<\/div>\n<div class=\"col-md-4\">\n<p><img decoding=\"async\" src=\"\/wp-content\/themes\/lpdo\/images\/fondo.svg\" alt=\"NOTE DI FONDO\" \/><\/p>\n<h5>INFERIOR<\/h5>\n<p>Baunilha, Notas Marinhas<\/p>\n<\/div>\n<\/div>\n<\/div>","protected":false},"excerpt":{"rendered":"<p>Vanilla Tonic \u00e9 uma fragr\u00e2ncia luminosa e envolvente, criada para reinterpretar a baunilha de forma moderna, fresca e sofisticada.<br \/>\nA composi\u00e7\u00e3o abre com notas gourmand de caramelo e coco, trazendo uma do\u00e7ura cremosa e delicada.<br \/>\nO cora\u00e7\u00e3o, floral e ambarado, revela a eleg\u00e2ncia do lil\u00e1s aliada ao calor do \u00e2mbar, criando um equil\u00edbrio refinado e envolvente.<br \/>\nO fundo surpreende com um contraste contempor\u00e2neo: a baunilha entrela\u00e7a-se com notas marinhas, dando vida a uma estela gourmand, fresca e vibrante.<\/p>","protected":false},"featured_media":511149,"template":"","meta":[],"product_brand":[],"product_cat":[63],"product_tag":[],"class_list":{"0":"post-511148","1":"product","2":"type-product","3":"status-publish","4":"has-post-thumbnail","6":"product_cat-fragranze","8":"first","9":"instock","10":"shipping-taxable","11":"purchasable","12":"product-type-simple"},"_links":{"self":[{"href":"https:\/\/www.lpdo.it\/pt\/wp-json\/wp\/v2\/product\/511148","targetHints":{"allow":["GET"]}}],"collection":[{"href":"https:\/\/www.lpdo.it\/pt\/wp-json\/wp\/v2\/product"}],"about":[{"href":"https:\/\/www.lpdo.it\/pt\/wp-json\/wp\/v2\/types\/product"}],"wp:featuredmedia":[{"embeddable":true,"href":"https:\/\/www.lpdo.it\/pt\/wp-json\/wp\/v2\/media\/511149"}],"wp:attachment":[{"href":"https:\/\/www.lpdo.it\/pt\/wp-json\/wp\/v2\/media?parent=511148"}],"wp:term":[{"taxonomy":"product_brand","embeddable":true,"href":"https:\/\/www.lpdo.it\/pt\/wp-json\/wp\/v2\/product_brand?post=511148"},{"taxonomy":"product_cat","embeddable":true,"href":"https:\/\/www.lpdo.it\/pt\/wp-json\/wp\/v2\/product_cat?post=511148"},{"taxonomy":"product_tag","embeddable":true,"href":"https:\/\/www.lpdo.it\/pt\/wp-json\/wp\/v2\/product_tag?post=511148"}],"curies":[{"name":"wp","href":"https:\/\/api.w.org\/{rel}","templated":true}]}}