{"id":511150,"date":"2026-03-06T12:32:08","date_gmt":"2026-03-06T11:32:08","guid":{"rendered":"https:\/\/www.lpdo.it\/?post_type=product&#038;p=511150"},"modified":"2026-03-06T12:32:08","modified_gmt":"2026-03-06T11:32:08","slug":"tuberosa-nova-100ml-edpi","status":"publish","type":"product","link":"https:\/\/www.lpdo.it\/pt\/p\/tuberosa-nova-100ml-edpi\/","title":{"rendered":"TUBEROSA NOVA 100ML EDPI"},"content":{"rendered":"<div class=\"type-block\">\n<div class=\"row\">\n<div class=\"col-md-4\">\n<p><img decoding=\"async\" src=\"\/wp-content\/themes\/lpdo\/images\/testa.svg\" alt=\"Note di Testa\" \/><\/p>\n<h5>CABE\u00c7A<\/h5>\n<p>Canela, Tangerina, Osmanto<\/p>\n<\/div>\n<div class=\"col-md-4\">\n<p><img decoding=\"async\" src=\"\/wp-content\/themes\/lpdo\/images\/cuore.svg\" alt=\"NOTE DI CUORE\" \/><\/p>\n<h5>CORA\u00c7\u00c3O<\/h5>\n<p>Tuberosa, Flor de Laranjeira, Ylang-Ylang<\/p>\n<\/div>\n<div class=\"col-md-4\">\n<p><img decoding=\"async\" src=\"\/wp-content\/themes\/lpdo\/images\/fondo.svg\" alt=\"NOTE DI FONDO\" \/><\/p>\n<h5>INFERIOR<\/h5>\n<p>Alm\u00edscar, Baunilha, Madeira de S\u00e2ndalo<\/p>\n<\/div>\n<\/div>\n<\/div>","protected":false},"excerpt":{"rendered":"<p>Tuberosa Nova \u00e9 uma fragr\u00e2ncia floral, criada para expressar uma sensualidade luminosa, moderna e envolvente.<br \/>\nA composi\u00e7\u00e3o abre com um acorde especiado e cremoso de canela, tangerina e osmanto, que introduz uma estela quente e refinada.<br \/>\nO cora\u00e7\u00e3o floral, intenso e hipnotizante, celebra a tuberosa combinada com flor de laranjeira e ylang-ylang, real\u00e7ando a sua riqueza e sensualidade.<br \/>\nO fundo, suave e envolvente, une alm\u00edscar, baunilha e madeira de s\u00e2ndalo, deixando uma estela elegante e aveludada.<\/p>","protected":false},"featured_media":511151,"template":"","meta":[],"product_brand":[],"product_cat":[63],"product_tag":[],"class_list":{"0":"post-511150","1":"product","2":"type-product","3":"status-publish","4":"has-post-thumbnail","6":"product_cat-fragranze","8":"first","9":"instock","10":"shipping-taxable","11":"purchasable","12":"product-type-simple"},"_links":{"self":[{"href":"https:\/\/www.lpdo.it\/pt\/wp-json\/wp\/v2\/product\/511150","targetHints":{"allow":["GET"]}}],"collection":[{"href":"https:\/\/www.lpdo.it\/pt\/wp-json\/wp\/v2\/product"}],"about":[{"href":"https:\/\/www.lpdo.it\/pt\/wp-json\/wp\/v2\/types\/product"}],"wp:featuredmedia":[{"embeddable":true,"href":"https:\/\/www.lpdo.it\/pt\/wp-json\/wp\/v2\/media\/511151"}],"wp:attachment":[{"href":"https:\/\/www.lpdo.it\/pt\/wp-json\/wp\/v2\/media?parent=511150"}],"wp:term":[{"taxonomy":"product_brand","embeddable":true,"href":"https:\/\/www.lpdo.it\/pt\/wp-json\/wp\/v2\/product_brand?post=511150"},{"taxonomy":"product_cat","embeddable":true,"href":"https:\/\/www.lpdo.it\/pt\/wp-json\/wp\/v2\/product_cat?post=511150"},{"taxonomy":"product_tag","embeddable":true,"href":"https:\/\/www.lpdo.it\/pt\/wp-json\/wp\/v2\/product_tag?post=511150"}],"curies":[{"name":"wp","href":"https:\/\/api.w.org\/{rel}","templated":true}]}}