{"id":511154,"date":"2026-03-06T12:32:08","date_gmt":"2026-03-06T11:32:08","guid":{"rendered":"https:\/\/www.lpdo.it\/?post_type=product&#038;p=511154"},"modified":"2026-03-06T12:32:08","modified_gmt":"2026-03-06T11:32:08","slug":"nana-vice-30ml-edpi","status":"publish","type":"product","link":"https:\/\/www.lpdo.it\/pt\/p\/nana-vice-30ml-edpi\/","title":{"rendered":"NANA VICE 30ML EDPI"},"content":{"rendered":"<div class=\"type-block\">\n<div class=\"row\">\n<div class=\"col-md-4\">\n<p><img decoding=\"async\" src=\"\/wp-content\/themes\/lpdo\/images\/testa.svg\" alt=\"Note di Testa\" \/><\/p>\n<h5>CABE\u00c7A<\/h5>\n<p>Caf\u00e9, Am\u00eandoa, Noz-moscada, Canela<\/p>\n<\/div>\n<div class=\"col-md-4\">\n<p><img decoding=\"async\" src=\"\/wp-content\/themes\/lpdo\/images\/cuore.svg\" alt=\"NOTE DI CUORE\" \/><\/p>\n<h5>CORA\u00c7\u00c3O<\/h5>\n<p>Banana, Baunilha, Fava Tonka, Caramelo<\/p>\n<\/div>\n<div class=\"col-md-4\">\n<p><img decoding=\"async\" src=\"\/wp-content\/themes\/lpdo\/images\/fondo.svg\" alt=\"NOTE DI FONDO\" \/><\/p>\n<h5>INFERIOR<\/h5>\n<p>Patchouli, Madeira de Cashmere, \u00c2mbar Cinzento, \u00d3leo de Cypriol, Alm\u00edscar<\/p>\n<\/div>\n<\/div>\n<\/div>","protected":false},"excerpt":{"rendered":"<p>Nana Vice \u00e9 uma fragr\u00e2ncia ousada e envolvente, criada para surpreender com o seu car\u00e1ter frutado e arom\u00e1tico, intenso e contempor\u00e2neo.<br \/>\nA composi\u00e7\u00e3o abre com notas arom\u00e1ticas e especiadas de caf\u00e9 e am\u00eandoa, aquecidas por noz-moscada e canela, criando um in\u00edcio marcante e intrigante.<br \/>\nO cora\u00e7\u00e3o, cremoso e frutado, revela um acorde inesperado de banana, baunilha, fava tonka e caramelo, criando uma estela suave e magn\u00e9tica.<br \/>\nO fundo, profundo e estruturado, envolve com patchouli, madeira de cashmere, \u00e2mbar cinzento, \u00f3leo de cypriol e alm\u00edscar, conferindo car\u00e1ter e persist\u00eancia.<\/p>","protected":false},"featured_media":511155,"template":"","meta":[],"product_brand":[],"product_cat":[63],"product_tag":[],"class_list":{"0":"post-511154","1":"product","2":"type-product","3":"status-publish","4":"has-post-thumbnail","6":"product_cat-fragranze","8":"first","9":"instock","10":"shipping-taxable","11":"purchasable","12":"product-type-simple"},"_links":{"self":[{"href":"https:\/\/www.lpdo.it\/pt\/wp-json\/wp\/v2\/product\/511154","targetHints":{"allow":["GET"]}}],"collection":[{"href":"https:\/\/www.lpdo.it\/pt\/wp-json\/wp\/v2\/product"}],"about":[{"href":"https:\/\/www.lpdo.it\/pt\/wp-json\/wp\/v2\/types\/product"}],"wp:featuredmedia":[{"embeddable":true,"href":"https:\/\/www.lpdo.it\/pt\/wp-json\/wp\/v2\/media\/511155"}],"wp:attachment":[{"href":"https:\/\/www.lpdo.it\/pt\/wp-json\/wp\/v2\/media?parent=511154"}],"wp:term":[{"taxonomy":"product_brand","embeddable":true,"href":"https:\/\/www.lpdo.it\/pt\/wp-json\/wp\/v2\/product_brand?post=511154"},{"taxonomy":"product_cat","embeddable":true,"href":"https:\/\/www.lpdo.it\/pt\/wp-json\/wp\/v2\/product_cat?post=511154"},{"taxonomy":"product_tag","embeddable":true,"href":"https:\/\/www.lpdo.it\/pt\/wp-json\/wp\/v2\/product_tag?post=511154"}],"curies":[{"name":"wp","href":"https:\/\/api.w.org\/{rel}","templated":true}]}}